{"id":38390,"date":"2025-01-09T14:20:20","date_gmt":"2025-01-09T14:20:20","guid":{"rendered":"https:\/\/www.plasticfoodbags.com\/ueber-uns\/"},"modified":"2026-02-28T02:45:42","modified_gmt":"2026-02-28T02:45:42","slug":"ueber-uns","status":"publish","type":"page","link":"https:\/\/www.plasticfoodbags.com\/de\/ueber-uns\/","title":{"rendered":"\u00dcber uns"},"content":{"rendered":"\t\t<div data-elementor-type=\"wp-page\" data-elementor-id=\"38390\" class=\"elementor elementor-38390 elementor-102\" data-elementor-post-type=\"page\">\n\t\t\t\t<div class=\"elementor-element elementor-element-926009d e-flex e-con-boxed e-con e-parent\" data-id=\"926009d\" data-element_type=\"container\" data-e-type=\"container\">\n\t\t\t\t\t<div class=\"e-con-inner\">\n\t\t\t\t<div class=\"elementor-element elementor-element-432366c elementor-widget elementor-widget-image\" data-id=\"432366c\" data-element_type=\"widget\" data-e-type=\"widget\" data-widget_type=\"image.default\">\n\t\t\t\t\t\t\t\t\t\t\t\t\t\t\t<img fetchpriority=\"high\" decoding=\"async\" width=\"1920\" height=\"301\" src=\"https:\/\/www.plasticfoodbags.com\/wp-content\/uploads\/2025\/08\/banner.jpg\" class=\"attachment-full size-full wp-image-27388\" alt=\"\" srcset=\"https:\/\/www.plasticfoodbags.com\/wp-content\/uploads\/2025\/08\/banner.jpg 1920w, https:\/\/www.plasticfoodbags.com\/wp-content\/uploads\/2025\/08\/banner-300x47.jpg 300w, https:\/\/www.plasticfoodbags.com\/wp-content\/uploads\/2025\/08\/banner-1024x161.jpg 1024w, https:\/\/www.plasticfoodbags.com\/wp-content\/uploads\/2025\/08\/banner-768x120.jpg 768w, https:\/\/www.plasticfoodbags.com\/wp-content\/uploads\/2025\/08\/banner-1536x241.jpg 1536w, https:\/\/www.plasticfoodbags.com\/wp-content\/uploads\/2025\/08\/banner-600x94.jpg 600w\" sizes=\"(max-width: 1920px) 100vw, 1920px\" \/>\t\t\t\t\t\t\t\t\t\t\t\t\t\t\t<\/div>\n\t\t\t\t\t<\/div>\n\t\t\t\t<\/div>\n\t\t<div class=\"elementor-element elementor-element-1317c08f e-con-full e-flex e-con e-parent\" data-id=\"1317c08f\" data-element_type=\"container\" data-e-type=\"container\">\n\t\t\t\t<div class=\"elementor-element elementor-element-fe05fbf elementor-widget elementor-widget-heading\" data-id=\"fe05fbf\" data-element_type=\"widget\" data-e-type=\"widget\" data-widget_type=\"heading.default\">\n\t\t\t\t\t<h1 class=\"elementor-heading-title elementor-size-default\">Unsere Geschichte<\/h1>\t\t\t\t<\/div>\n\t\t\t\t<div class=\"elementor-element elementor-element-50e3230 elementor-widget elementor-widget-text-editor\" data-id=\"50e3230\" data-element_type=\"widget\" data-e-type=\"widget\" data-widget_type=\"text-editor.default\">\n\t\t\t\t\t\t\t\t\t<p>Unser Unternehmen wurde in Qingdao, Provinz Shandong, China, gegr\u00fcndet und spezialisiert sich auf die Herstellung von Jalousienserien, insbesondere Rolljalousien, Zebrajalousien, Vertikaljalousien, Wabenjalousien, Venezianerjalousien und so weiter. Unser Unternehmen hat eine siebzehnj\u00e4hrige Geschichte und verf\u00fcgt \u00fcber umfangreiche Erfahrung in Design, Produktion, Vertrieb, Qualit\u00e4tskontrolle, After-Sales- und anderen Dienstleistungen. Wir akzeptieren ODM und OEM. Wenn Sie Designbed\u00fcrfnisse haben, kann Ihnen ein professionelles Designteam Dienstleistungen anbieten. Unser Designteam ist erfahren und kann entsprechend den Bed\u00fcrfnissen der Szene entwerfen, wie z. B. Schlafzimmer, Schulen, Caf\u00e9s, Restaurants, B\u00fcros usw. Unsere Muster sind sehr g\u00fcnstig, und der Preis des Produkts kann auch entsprechend der vom Kunden bestellten Menge reduziert werden. Wir unterst\u00fctzen Kunden dabei, Express anzugeben, egal ob See, Luft oder Land, Sie k\u00f6nnen w\u00e4hlen. Seit seiner Er\u00f6ffnung entwickelt unser Unternehmen den Markt kontinuierlich mit seinem einzigartigen Designkonzept, der hervorragenden Produktionstechnologie, dem begeisterten Service und dem durchdachten After-Sales-Service und hat breite Anerkennung bei den Kunden erlangt. <\/p>\n\t\t\t\t\t\t\t\t<\/div>\n\t\t\t\t<div class=\"elementor-element elementor-element-27f2589 elementor-widget elementor-widget-image\" data-id=\"27f2589\" data-element_type=\"widget\" data-e-type=\"widget\" data-widget_type=\"image.default\">\n\t\t\t\t\t\t\t\t\t\t\t\t\t\t\t<img decoding=\"async\" width=\"750\" height=\"486\" src=\"https:\/\/www.plasticfoodbags.com\/wp-content\/uploads\/2025\/08\/Our-History.jpg\" class=\"attachment-full size-full wp-image-27415\" alt=\"\" srcset=\"https:\/\/www.plasticfoodbags.com\/wp-content\/uploads\/2025\/08\/Our-History.jpg 750w, https:\/\/www.plasticfoodbags.com\/wp-content\/uploads\/2025\/08\/Our-History-300x194.jpg 300w, https:\/\/www.plasticfoodbags.com\/wp-content\/uploads\/2025\/08\/Our-History-600x389.jpg 600w\" sizes=\"(max-width: 750px) 100vw, 750px\" \/>\t\t\t\t\t\t\t\t\t\t\t\t\t\t\t<\/div>\n\t\t\t\t<div class=\"elementor-element elementor-element-6563e49 elementor-widget elementor-widget-heading\" data-id=\"6563e49\" data-element_type=\"widget\" data-e-type=\"widget\" data-widget_type=\"heading.default\">\n\t\t\t\t\t<h1 class=\"elementor-heading-title elementor-size-default\">Unsere Fabrik<\/h1>\t\t\t\t<\/div>\n\t\t\t\t<div class=\"elementor-element elementor-element-9b75098 elementor-widget elementor-widget-text-editor\" data-id=\"9b75098\" data-element_type=\"widget\" data-e-type=\"widget\" data-widget_type=\"text-editor.default\">\n\t\t\t\t\t\t\t\t\t<p>Unsere Fabrik wurde Anfang des 20. Jahrhunderts gegr\u00fcndet und befindet sich in Qingdao, Shandong. Wir sind die Quellfabrik mit Hunderten von qualifizierten Bedienern und einer Produktionswerkstatt von mehr als 3.000 Quadratmetern. Eine Reihe neu aufger\u00fcsteter elektrischer Automatisierungsger\u00e4te, die Produktionsprodukte sind in Ordnung und sch\u00f6n, und die Effizienz ist sehr hoch. Dutzende Produktionslinien arbeiten rund um die Uhr, und Produktionsqualit\u00e4t sowie Produktionsmenge gehen Hand in Hand. Es gibt viele erstklassige Talente in unserer Fabrik, nach Jahren des Begegnens. Sie bieten Ihnen die professionellste Technologie und Dienstleistungen aufgrund des Geistes der Technologieerkundung. <\/p>\n\t\t\t\t\t\t\t\t<\/div>\n\t\t\t\t<div class=\"elementor-element elementor-element-c3f953a elementor-widget elementor-widget-image\" data-id=\"c3f953a\" data-element_type=\"widget\" data-e-type=\"widget\" data-widget_type=\"image.default\">\n\t\t\t\t\t\t\t\t\t\t\t\t\t\t\t<img decoding=\"async\" width=\"750\" height=\"750\" src=\"https:\/\/www.plasticfoodbags.com\/wp-content\/uploads\/2025\/08\/Our-Factory.jpg\" class=\"attachment-full size-full wp-image-27429\" alt=\"\" srcset=\"https:\/\/www.plasticfoodbags.com\/wp-content\/uploads\/2025\/08\/Our-Factory.jpg 750w, https:\/\/www.plasticfoodbags.com\/wp-content\/uploads\/2025\/08\/Our-Factory-300x300.jpg 300w, https:\/\/www.plasticfoodbags.com\/wp-content\/uploads\/2025\/08\/Our-Factory-150x150.jpg 150w, https:\/\/www.plasticfoodbags.com\/wp-content\/uploads\/2025\/08\/Our-Factory-600x600.jpg 600w, https:\/\/www.plasticfoodbags.com\/wp-content\/uploads\/2025\/08\/Our-Factory-100x100.jpg 100w\" sizes=\"(max-width: 750px) 100vw, 750px\" \/>\t\t\t\t\t\t\t\t\t\t\t\t\t\t\t<\/div>\n\t\t\t\t<div class=\"elementor-element elementor-element-4ff0d31 elementor-widget elementor-widget-heading\" data-id=\"4ff0d31\" data-element_type=\"widget\" data-e-type=\"widget\" data-widget_type=\"heading.default\">\n\t\t\t\t\t<h1 class=\"elementor-heading-title elementor-size-default\">Unser Produkt<\/h1>\t\t\t\t<\/div>\n\t\t\t\t<div class=\"elementor-element elementor-element-778b3fd elementor-widget elementor-widget-text-editor\" data-id=\"778b3fd\" data-element_type=\"widget\" data-e-type=\"widget\" data-widget_type=\"text-editor.default\">\n\t\t\t\t\t\t\t\t\t<p>Unsere Produkte umfassen haupts\u00e4chlich Rollos, Wabenjalousien, vertikale Jalousien und Venezianische Jalousien. Darunter k\u00f6nnen auch Zebra-Jalousien, Shangri-La-Jalousien, Hanas-Jalousien, Roma-Jalousien usw. hergestellt werden. <\/p>\n\t\t\t\t\t\t\t\t<\/div>\n\t\t\t\t<div class=\"elementor-element elementor-element-844cce3 elementor-widget elementor-widget-image\" data-id=\"844cce3\" data-element_type=\"widget\" data-e-type=\"widget\" data-widget_type=\"image.default\">\n\t\t\t\t\t\t\t\t\t\t\t\t\t\t\t<img loading=\"lazy\" decoding=\"async\" width=\"750\" height=\"750\" src=\"https:\/\/www.plasticfoodbags.com\/wp-content\/uploads\/2025\/08\/Our-Product.jpg\" class=\"attachment-full size-full wp-image-27443\" alt=\"\" srcset=\"https:\/\/www.plasticfoodbags.com\/wp-content\/uploads\/2025\/08\/Our-Product.jpg 750w, https:\/\/www.plasticfoodbags.com\/wp-content\/uploads\/2025\/08\/Our-Product-300x300.jpg 300w, https:\/\/www.plasticfoodbags.com\/wp-content\/uploads\/2025\/08\/Our-Product-150x150.jpg 150w, https:\/\/www.plasticfoodbags.com\/wp-content\/uploads\/2025\/08\/Our-Product-600x600.jpg 600w, https:\/\/www.plasticfoodbags.com\/wp-content\/uploads\/2025\/08\/Our-Product-100x100.jpg 100w\" sizes=\"(max-width: 750px) 100vw, 750px\" \/>\t\t\t\t\t\t\t\t\t\t\t\t\t\t\t<\/div>\n\t\t\t\t<div class=\"elementor-element elementor-element-1259e13 elementor-widget elementor-widget-heading\" data-id=\"1259e13\" data-element_type=\"widget\" data-e-type=\"widget\" data-widget_type=\"heading.default\">\n\t\t\t\t\t<h1 class=\"elementor-heading-title elementor-size-default\">Produktanwendung<\/h1>\t\t\t\t<\/div>\n\t\t\t\t<div class=\"elementor-element elementor-element-f87a04a elementor-widget elementor-widget-text-editor\" data-id=\"f87a04a\" data-element_type=\"widget\" data-e-type=\"widget\" data-widget_type=\"text-editor.default\">\n\t\t\t\t\t\t\t\t\t<p>Jalousien werden in verschiedenen Lebenssituationen weit verbreitet eingesetzt, wie B\u00fcros, Hotels, Schlafzimmer, Badezimmer, K\u00fcchen, Caf\u00e9s, Schulen, Krankenh\u00e4user usw. Das Licht kann durch Anpassung des Winkels der Jalousien an die Bed\u00fcrfnisse verschiedener Anl\u00e4sse angepasst werden. Gleichzeitig kann man je nach Material Vollschattierung, Halbschattierung oder Nichtschattierung w\u00e4hlen. Jalousien bestehen aus verschiedenen Materialien, und die Besonderheit des Materials macht sie wasserdicht, \u00f6l- und feuerfest und leicht zu reinigen, weshalb sie f\u00fcr jede Gelegenheit sehr geeignet sind. Das Produkt ist insgesamt wundersch\u00f6n und kann auch einen guten dekorativen Effekt erzielen. <\/p>\n\t\t\t\t\t\t\t\t<\/div>\n\t\t\t\t<div class=\"elementor-element elementor-element-ae0b979 elementor-widget elementor-widget-image\" data-id=\"ae0b979\" data-element_type=\"widget\" data-e-type=\"widget\" data-widget_type=\"image.default\">\n\t\t\t\t\t\t\t\t\t\t\t\t\t\t\t<img loading=\"lazy\" decoding=\"async\" width=\"1200\" height=\"1126\" src=\"https:\/\/www.plasticfoodbags.com\/wp-content\/uploads\/2025\/08\/20220902110632cfab675400614970993774b21d502c94.jpg\" class=\"attachment-full size-full wp-image-28157\" alt=\"\" srcset=\"https:\/\/www.plasticfoodbags.com\/wp-content\/uploads\/2025\/08\/20220902110632cfab675400614970993774b21d502c94.jpg 1200w, https:\/\/www.plasticfoodbags.com\/wp-content\/uploads\/2025\/08\/20220902110632cfab675400614970993774b21d502c94-300x282.jpg 300w, https:\/\/www.plasticfoodbags.com\/wp-content\/uploads\/2025\/08\/20220902110632cfab675400614970993774b21d502c94-1024x961.jpg 1024w, https:\/\/www.plasticfoodbags.com\/wp-content\/uploads\/2025\/08\/20220902110632cfab675400614970993774b21d502c94-768x721.jpg 768w, https:\/\/www.plasticfoodbags.com\/wp-content\/uploads\/2025\/08\/20220902110632cfab675400614970993774b21d502c94-600x563.jpg 600w\" sizes=\"(max-width: 1200px) 100vw, 1200px\" \/>\t\t\t\t\t\t\t\t\t\t\t\t\t\t\t<\/div>\n\t\t\t\t<div class=\"elementor-element elementor-element-62bb7f8 elementor-widget elementor-widget-heading\" data-id=\"62bb7f8\" data-element_type=\"widget\" data-e-type=\"widget\" data-widget_type=\"heading.default\">\n\t\t\t\t\t<h1 class=\"elementor-heading-title elementor-size-default\">Unser Zertifikat<\/h1>\t\t\t\t<\/div>\n\t\t\t\t<div class=\"elementor-element elementor-element-3e3d155 elementor-widget elementor-widget-text-editor\" data-id=\"3e3d155\" data-element_type=\"widget\" data-e-type=\"widget\" data-widget_type=\"text-editor.default\">\n\t\t\t\t\t\t\t\t\t<p>F\u00fcr Stoffe und Fertigprodukte haben wir nahezu alle Zertifizierungen erhalten, wie SGS, BV, OEKO TEX 100 usw. Und unsere Produkte haben die ISO14001- und IS09001-Zertifizierung bestanden. Wir legen Wert auf die Qualit\u00e4t unserer Produkte und setzen uns daf\u00fcr ein, internationale Standards zu erf\u00fcllen. Wir haben jedes Jahr mehr als 1000 Designgenehmigungen und sch\u00fctzen die Interessen jedes Kunden. <\/p>\n\t\t\t\t\t\t\t\t<\/div>\n\t\t\t\t<div class=\"elementor-element elementor-element-4ec5956 elementor-widget elementor-widget-image\" data-id=\"4ec5956\" data-element_type=\"widget\" data-e-type=\"widget\" data-widget_type=\"image.default\">\n\t\t\t\t\t\t\t\t\t\t\t\t\t\t\t<img loading=\"lazy\" decoding=\"async\" width=\"1200\" height=\"534\" src=\"https:\/\/www.plasticfoodbags.com\/wp-content\/uploads\/2025\/08\/20220902111341047d64879dea452aa9517dc49cd1299b.jpg\" class=\"attachment-full size-full wp-image-28171\" alt=\"\" srcset=\"https:\/\/www.plasticfoodbags.com\/wp-content\/uploads\/2025\/08\/20220902111341047d64879dea452aa9517dc49cd1299b.jpg 1200w, https:\/\/www.plasticfoodbags.com\/wp-content\/uploads\/2025\/08\/20220902111341047d64879dea452aa9517dc49cd1299b-300x134.jpg 300w, https:\/\/www.plasticfoodbags.com\/wp-content\/uploads\/2025\/08\/20220902111341047d64879dea452aa9517dc49cd1299b-1024x456.jpg 1024w, https:\/\/www.plasticfoodbags.com\/wp-content\/uploads\/2025\/08\/20220902111341047d64879dea452aa9517dc49cd1299b-768x342.jpg 768w, https:\/\/www.plasticfoodbags.com\/wp-content\/uploads\/2025\/08\/20220902111341047d64879dea452aa9517dc49cd1299b-600x267.jpg 600w\" sizes=\"(max-width: 1200px) 100vw, 1200px\" \/>\t\t\t\t\t\t\t\t\t\t\t\t\t\t\t<\/div>\n\t\t\t\t<div class=\"elementor-element elementor-element-2defeaf elementor-widget elementor-widget-heading\" data-id=\"2defeaf\" data-element_type=\"widget\" data-e-type=\"widget\" data-widget_type=\"heading.default\">\n\t\t\t\t\t<h1 class=\"elementor-heading-title elementor-size-default\">Produktionsausr\u00fcstung<\/h1>\t\t\t\t<\/div>\n\t\t\t\t<div class=\"elementor-element elementor-element-4dcb5e8 elementor-widget elementor-widget-text-editor\" data-id=\"4dcb5e8\" data-element_type=\"widget\" data-e-type=\"widget\" data-widget_type=\"text-editor.default\">\n\t\t\t\t\t\t\t\t\t<p>Wir haben neu aufger\u00fcstete und verbesserte Produktionsanlagen, jede Ausr\u00fcstung wurde einer strengen Qualit\u00e4tspr\u00fcfung unterzogen und bestreben die Herstellung exquisiter Jalousien. Unsere Produktionsausr\u00fcstung umfasst eine Bauteils\u00e4ge, Lamellenkerbmaschine, Nageltackermaschine, Mauslochmaschine, Magnetlochmaschine, Paneelanziehmaschine, Maschine f\u00fcr Winkelrahmen, Maschine f\u00fcr Huffman-Schl\u00fcssell\u00f6cher, Schienenf\u00f6rmige Maschine, Stilelochmaschine usw. Darunter sind der ektangul\u00e4re Tenoner und der Oszillationsmortiser zwei Maschinen, die miteinander zusammenarbeiten: Der rechteckige Tenoner formt die Schienen und der Oszillationsmortiser formt die Stangen in einer Falkenstruktur, sodass die Schiene eng mit dem Stile anpasst und zusammengebaut werden kann. Produktionsausr\u00fcstung in Kombination mit erfahrenen Bedienern garantiert doppelt die Qualit\u00e4t der Produkte. <\/p>\n\t\t\t\t\t\t\t\t<\/div>\n\t\t\t\t<div class=\"elementor-element elementor-element-c35df28 elementor-widget elementor-widget-image\" data-id=\"c35df28\" data-element_type=\"widget\" data-e-type=\"widget\" data-widget_type=\"image.default\">\n\t\t\t\t\t\t\t\t\t\t\t\t\t\t\t<img loading=\"lazy\" decoding=\"async\" width=\"1200\" height=\"209\" src=\"https:\/\/www.plasticfoodbags.com\/wp-content\/uploads\/2025\/08\/20220902111643b88384ee0b48455783a8ec4213cbc5b9.jpg\" class=\"attachment-full size-full wp-image-28185\" alt=\"\" srcset=\"https:\/\/www.plasticfoodbags.com\/wp-content\/uploads\/2025\/08\/20220902111643b88384ee0b48455783a8ec4213cbc5b9.jpg 1200w, https:\/\/www.plasticfoodbags.com\/wp-content\/uploads\/2025\/08\/20220902111643b88384ee0b48455783a8ec4213cbc5b9-300x52.jpg 300w, https:\/\/www.plasticfoodbags.com\/wp-content\/uploads\/2025\/08\/20220902111643b88384ee0b48455783a8ec4213cbc5b9-1024x178.jpg 1024w, https:\/\/www.plasticfoodbags.com\/wp-content\/uploads\/2025\/08\/20220902111643b88384ee0b48455783a8ec4213cbc5b9-768x134.jpg 768w, https:\/\/www.plasticfoodbags.com\/wp-content\/uploads\/2025\/08\/20220902111643b88384ee0b48455783a8ec4213cbc5b9-600x105.jpg 600w\" sizes=\"(max-width: 1200px) 100vw, 1200px\" \/>\t\t\t\t\t\t\t\t\t\t\t\t\t\t\t<\/div>\n\t\t\t\t<div class=\"elementor-element elementor-element-07f50ce elementor-widget elementor-widget-heading\" data-id=\"07f50ce\" data-element_type=\"widget\" data-e-type=\"widget\" data-widget_type=\"heading.default\">\n\t\t\t\t\t<h1 class=\"elementor-heading-title elementor-size-default\">Produktionsmarkt<\/h1>\t\t\t\t<\/div>\n\t\t\t\t<div class=\"elementor-element elementor-element-468dc6f elementor-widget elementor-widget-text-editor\" data-id=\"468dc6f\" data-element_type=\"widget\" data-e-type=\"widget\" data-widget_type=\"text-editor.default\">\n\t\t\t\t\t\t\t\t\t<p>Unsere Produkte f\u00fchren nicht nur den chinesischen Markt an, sondern haben auch Kunden auf der ganzen Welt. Vor allem die USA, Russland, Gro\u00dfbritannien, D\u00e4nemark, Frankreich, Australien, S\u00fcdamerika und der Nahe Osten. Unser Unternehmen hat viele erfolgreiche Kooperationsf\u00e4lle in Nordamerika, und Qualit\u00e4t und Wirkung werden von den Kunden gut aufgenommen. Die Gesamtlobquote des Unternehmens liegt bei \u00fcber 95 %. Professioneller Service und wettbewerbsf\u00e4hige Preise sind die Gesch\u00e4ftsphilosophie, der unser Unternehmen folgt. <\/p>\n\t\t\t\t\t\t\t\t<\/div>\n\t\t\t\t<div class=\"elementor-element elementor-element-ad5e046 elementor-widget elementor-widget-image\" data-id=\"ad5e046\" data-element_type=\"widget\" data-e-type=\"widget\" data-widget_type=\"image.default\">\n\t\t\t\t\t\t\t\t\t\t\t\t\t\t\t<img loading=\"lazy\" decoding=\"async\" width=\"750\" height=\"550\" src=\"https:\/\/www.plasticfoodbags.com\/wp-content\/uploads\/2025\/08\/202209021118588fd12354cd5f4480add3d3c87040ec96.jpg\" class=\"attachment-full size-full wp-image-28199\" alt=\"\" srcset=\"https:\/\/www.plasticfoodbags.com\/wp-content\/uploads\/2025\/08\/202209021118588fd12354cd5f4480add3d3c87040ec96.jpg 750w, https:\/\/www.plasticfoodbags.com\/wp-content\/uploads\/2025\/08\/202209021118588fd12354cd5f4480add3d3c87040ec96-300x220.jpg 300w, https:\/\/www.plasticfoodbags.com\/wp-content\/uploads\/2025\/08\/202209021118588fd12354cd5f4480add3d3c87040ec96-600x440.jpg 600w\" sizes=\"(max-width: 750px) 100vw, 750px\" \/>\t\t\t\t\t\t\t\t\t\t\t\t\t\t\t<\/div>\n\t\t\t\t<div class=\"elementor-element elementor-element-32b502c elementor-widget elementor-widget-heading\" data-id=\"32b502c\" data-element_type=\"widget\" data-e-type=\"widget\" data-widget_type=\"heading.default\">\n\t\t\t\t\t<h1 class=\"elementor-heading-title elementor-size-default\">Unser Service<\/h1>\t\t\t\t<\/div>\n\t\t\t\t<div class=\"elementor-element elementor-element-42719aa elementor-widget elementor-widget-text-editor\" data-id=\"42719aa\" data-element_type=\"widget\" data-e-type=\"widget\" data-widget_type=\"text-editor.default\">\n\t\t\t\t\t\t\t\t\t<p>Vorverkauf: Unser professionell geschultes Kundenservice-Team bietet Ihnen rund um die Uhr eine professionelle Beratung und antwortet innerhalb von 2 Stunden. Wir bieten Ihnen professionelle Beratung, detaillierte Informationen, angemessene Kostenvoranschl\u00e4ge und \u00c4hnliches. Unser Vertriebsteam stellt Ihnen die Funktionen, Farben, Details usw. der ben\u00f6tigten Produkte vor und beantwortet au\u00dferdem eine Reihe von Fragen zu den Produkten, damit Sie die Produktinformationen vollst\u00e4ndig verstehen k\u00f6nnen. Nachdem das Produkt gekauft wurde, kontaktiert uns unser Unternehmen mit der Lieferzeit und den Anforderungen; falls keine besonderen Umst\u00e4nde vorliegen, versenden wir innerhalb von 7 Tagen. <\/p>\n<p>Im Verkauf: Wir unterzeichnen einen einheitlichen Vertrag und eine technische Vereinbarung und halten uns bewusst an die Bestimmungen des Vertrags, um einen reibungslosen Fortschritt der Zusammenarbeit zu gew\u00e4hrleisten. Wir bem\u00fchen uns, Ihnen Qualit\u00e4tsprodukte zu bieten und die beste Versandmethode f\u00fcr Ihre Bed\u00fcrfnisse zu verwenden, damit Sie das Produkt in perfektem Zustand erhalten. Wir respektieren die Vereinbarungen der Kunden und bieten den Nutzern durchdachten technischen Support. Wir bieten Ihnen Produktions-, Qualit\u00e4tsinspektionen, Schulungen und weitere Dienstleistungen gem\u00e4\u00df den Vertragsbestimmungen an. Unabh\u00e4ngig von der Bestellgr\u00f6\u00dfe sind alle Kunden in Bezug auf Preis und Service fair. <\/p>\n<p>After-Sales: Sie m\u00fcssen sich \u00fcberhaupt keine Sorgen um die Qualit\u00e4t des Produkts machen. In der Regel betr\u00e4gt unsere Produktgarantiezeit ein halbes Jahr, und wir warten das Produkt f\u00fcr Sie ein Leben lang. W\u00e4hrend der Garantiezeit reparieren und ersetzen wir die durch Qualit\u00e4tsprobleme verursachten besch\u00e4digten Teile kostenlos. Wenn Sie ein Produkt mit Qualit\u00e4tsproblemen erhalten, unterst\u00fctzen wir einen Ersatz oder eine R\u00fcckerstattung. Wir halten uns stets an das &#8222;Streben nach hoher Qualit\u00e4t und Kundenzufriedenheit ist unser Ziel&#8220;. <\/p>\n\t\t\t\t\t\t\t\t<\/div>\n\t\t\t\t<div class=\"elementor-element elementor-element-b4e3b3c elementor-widget elementor-widget-image\" data-id=\"b4e3b3c\" data-element_type=\"widget\" data-e-type=\"widget\" data-widget_type=\"image.default\">\n\t\t\t\t\t\t\t\t\t\t\t\t\t\t\t<img loading=\"lazy\" decoding=\"async\" width=\"1214\" height=\"592\" src=\"https:\/\/www.plasticfoodbags.com\/wp-content\/uploads\/2025\/08\/202209021119525915049196354f91aae49b550dca2fe5.jpg\" class=\"attachment-full size-full wp-image-28213\" alt=\"\" srcset=\"https:\/\/www.plasticfoodbags.com\/wp-content\/uploads\/2025\/08\/202209021119525915049196354f91aae49b550dca2fe5.jpg 1214w, https:\/\/www.plasticfoodbags.com\/wp-content\/uploads\/2025\/08\/202209021119525915049196354f91aae49b550dca2fe5-300x146.jpg 300w, https:\/\/www.plasticfoodbags.com\/wp-content\/uploads\/2025\/08\/202209021119525915049196354f91aae49b550dca2fe5-1024x499.jpg 1024w, https:\/\/www.plasticfoodbags.com\/wp-content\/uploads\/2025\/08\/202209021119525915049196354f91aae49b550dca2fe5-768x375.jpg 768w, https:\/\/www.plasticfoodbags.com\/wp-content\/uploads\/2025\/08\/202209021119525915049196354f91aae49b550dca2fe5-600x293.jpg 600w\" sizes=\"(max-width: 1214px) 100vw, 1214px\" \/>\t\t\t\t\t\t\t\t\t\t\t\t\t\t\t<\/div>\n\t\t\t\t<\/div>\n\t\t\t\t<\/div>\n\t\t","protected":false},"excerpt":{"rendered":"<p>Unsere Geschichte Unser Unternehmen wurde in Qingdao, Provinz Shandong, China, gegr\u00fcndet und spezialisiert sich auf die Herstellung von Jalousienserien, insbesondere Rolljalousien, Zebrajalousien, Vertikaljalousien, Wabenjalousien, Venezianerjalousien und so weiter. Unser Unternehmen hat eine siebzehnj\u00e4hrige Geschichte und verf\u00fcgt \u00fcber umfangreiche Erfahrung in Design, Produktion, Vertrieb, Qualit\u00e4tskontrolle, After-Sales- und anderen Dienstleistungen. Wir akzeptieren ODM und OEM. Wenn Sie [&hellip;]<\/p>\n","protected":false},"author":1,"featured_media":0,"parent":0,"menu_order":0,"comment_status":"closed","ping_status":"closed","template":"","meta":{"footnotes":""},"class_list":["post-38390","page","type-page","status-publish","hentry"],"_links":{"self":[{"href":"https:\/\/www.plasticfoodbags.com\/de\/wp-json\/wp\/v2\/pages\/38390","targetHints":{"allow":["GET"]}}],"collection":[{"href":"https:\/\/www.plasticfoodbags.com\/de\/wp-json\/wp\/v2\/pages"}],"about":[{"href":"https:\/\/www.plasticfoodbags.com\/de\/wp-json\/wp\/v2\/types\/page"}],"author":[{"embeddable":true,"href":"https:\/\/www.plasticfoodbags.com\/de\/wp-json\/wp\/v2\/users\/1"}],"replies":[{"embeddable":true,"href":"https:\/\/www.plasticfoodbags.com\/de\/wp-json\/wp\/v2\/comments?post=38390"}],"version-history":[{"count":0,"href":"https:\/\/www.plasticfoodbags.com\/de\/wp-json\/wp\/v2\/pages\/38390\/revisions"}],"wp:attachment":[{"href":"https:\/\/www.plasticfoodbags.com\/de\/wp-json\/wp\/v2\/media?parent=38390"}],"curies":[{"name":"wp","href":"https:\/\/api.w.org\/{rel}","templated":true}]}}