{"id":38391,"date":"2025-01-09T14:20:20","date_gmt":"2025-01-09T14:20:20","guid":{"rendered":"https:\/\/www.plasticfoodbags.com\/a-propos-de-nous\/"},"modified":"2026-02-28T02:45:42","modified_gmt":"2026-02-28T02:45:42","slug":"a-propos-de-nous","status":"publish","type":"page","link":"https:\/\/www.plasticfoodbags.com\/fr\/a-propos-de-nous\/","title":{"rendered":"\u00c0 propos de nous"},"content":{"rendered":"\t\t<div data-elementor-type=\"wp-page\" data-elementor-id=\"38391\" class=\"elementor elementor-38391 elementor-102\" data-elementor-post-type=\"page\">\n\t\t\t\t<div class=\"elementor-element elementor-element-926009d e-flex e-con-boxed e-con e-parent\" data-id=\"926009d\" data-element_type=\"container\" data-e-type=\"container\">\n\t\t\t\t\t<div class=\"e-con-inner\">\n\t\t\t\t<div class=\"elementor-element elementor-element-432366c elementor-widget elementor-widget-image\" data-id=\"432366c\" data-element_type=\"widget\" data-e-type=\"widget\" data-widget_type=\"image.default\">\n\t\t\t\t\t\t\t\t\t\t\t\t\t\t\t<img fetchpriority=\"high\" decoding=\"async\" width=\"1920\" height=\"301\" src=\"https:\/\/www.plasticfoodbags.com\/wp-content\/uploads\/2025\/08\/banner.jpg\" class=\"attachment-full size-full wp-image-27387\" alt=\"\" srcset=\"https:\/\/www.plasticfoodbags.com\/wp-content\/uploads\/2025\/08\/banner.jpg 1920w, https:\/\/www.plasticfoodbags.com\/wp-content\/uploads\/2025\/08\/banner-300x47.jpg 300w, https:\/\/www.plasticfoodbags.com\/wp-content\/uploads\/2025\/08\/banner-1024x161.jpg 1024w, https:\/\/www.plasticfoodbags.com\/wp-content\/uploads\/2025\/08\/banner-768x120.jpg 768w, https:\/\/www.plasticfoodbags.com\/wp-content\/uploads\/2025\/08\/banner-1536x241.jpg 1536w, https:\/\/www.plasticfoodbags.com\/wp-content\/uploads\/2025\/08\/banner-600x94.jpg 600w\" sizes=\"(max-width: 1920px) 100vw, 1920px\" \/>\t\t\t\t\t\t\t\t\t\t\t\t\t\t\t<\/div>\n\t\t\t\t\t<\/div>\n\t\t\t\t<\/div>\n\t\t<div class=\"elementor-element elementor-element-1317c08f e-con-full e-flex e-con e-parent\" data-id=\"1317c08f\" data-element_type=\"container\" data-e-type=\"container\">\n\t\t\t\t<div class=\"elementor-element elementor-element-fe05fbf elementor-widget elementor-widget-heading\" data-id=\"fe05fbf\" data-element_type=\"widget\" data-e-type=\"widget\" data-widget_type=\"heading.default\">\n\t\t\t\t\t<h1 class=\"elementor-heading-title elementor-size-default\">Notre histoire<\/h1>\t\t\t\t<\/div>\n\t\t\t\t<div class=\"elementor-element elementor-element-50e3230 elementor-widget elementor-widget-text-editor\" data-id=\"50e3230\" data-element_type=\"widget\" data-e-type=\"widget\" data-widget_type=\"text-editor.default\">\n\t\t\t\t\t\t\t\t\t<p>Notre entreprise a \u00e9t\u00e9 fond\u00e9e \u00e0 Qingdao, dans la province du Shandong, en Chine, sp\u00e9cialis\u00e9e dans la production de produits de la s\u00e9rie de stores, en particulier les stores \u00e0 rouleau, les stores z\u00e9br\u00e9s, les stores verticaux, les stores en nid d\u2019abeille, les stores v\u00e9nitiens, etc. Notre entreprise poss\u00e8de une histoire de dix-sept ans et une vaste exp\u00e9rience en conception, production, vente, inspection qualit\u00e9, apr\u00e8s-vente et autres services. Nous acceptons l\u2019ODM et les OEM. Si vous avez des besoins en design, une \u00e9quipe professionnelle peut vous fournir des services. Notre \u00e9quipe de conception est exp\u00e9riment\u00e9e et peut concevoir selon les besoins de la sc\u00e8ne, comme les chambres, les \u00e9coles, les caf\u00e9s, les restaurants, les bureaux, etc. Nos \u00e9chantillons sont tr\u00e8s avantageux, et le prix du produit peut \u00e9galement \u00eatre r\u00e9duit en fonction de la quantit\u00e9 command\u00e9e par le client. Nous aidons les clients \u00e0 sp\u00e9cifier l\u2019express, que ce soit par mer, a\u00e9rien ou terrestre, vous pouvez choisir. Depuis son ouverture, notre entreprise a continuellement d\u00e9velopp\u00e9 le march\u00e9 gr\u00e2ce \u00e0 son concept de design unique, sa technologie de production exceptionnelle, son service enthousiaste et son service apr\u00e8s-vente r\u00e9fl\u00e9chi, et a re\u00e7u une large reconnaissance de la part de ses clients. <\/p>\n\t\t\t\t\t\t\t\t<\/div>\n\t\t\t\t<div class=\"elementor-element elementor-element-27f2589 elementor-widget elementor-widget-image\" data-id=\"27f2589\" data-element_type=\"widget\" data-e-type=\"widget\" data-widget_type=\"image.default\">\n\t\t\t\t\t\t\t\t\t\t\t\t\t\t\t<img decoding=\"async\" width=\"750\" height=\"486\" src=\"https:\/\/www.plasticfoodbags.com\/wp-content\/uploads\/2025\/08\/Our-History.jpg\" class=\"attachment-full size-full wp-image-27414\" alt=\"\" srcset=\"https:\/\/www.plasticfoodbags.com\/wp-content\/uploads\/2025\/08\/Our-History.jpg 750w, https:\/\/www.plasticfoodbags.com\/wp-content\/uploads\/2025\/08\/Our-History-300x194.jpg 300w, https:\/\/www.plasticfoodbags.com\/wp-content\/uploads\/2025\/08\/Our-History-600x389.jpg 600w\" sizes=\"(max-width: 750px) 100vw, 750px\" \/>\t\t\t\t\t\t\t\t\t\t\t\t\t\t\t<\/div>\n\t\t\t\t<div class=\"elementor-element elementor-element-6563e49 elementor-widget elementor-widget-heading\" data-id=\"6563e49\" data-element_type=\"widget\" data-e-type=\"widget\" data-widget_type=\"heading.default\">\n\t\t\t\t\t<h1 class=\"elementor-heading-title elementor-size-default\">Notre usine<\/h1>\t\t\t\t<\/div>\n\t\t\t\t<div class=\"elementor-element elementor-element-9b75098 elementor-widget elementor-widget-text-editor\" data-id=\"9b75098\" data-element_type=\"widget\" data-e-type=\"widget\" data-widget_type=\"text-editor.default\">\n\t\t\t\t\t\t\t\t\t<p>Notre usine a \u00e9t\u00e9 fond\u00e9e au d\u00e9but du XXe si\u00e8cle, situ\u00e9e \u00e0 Qingdao, dans le Shandong. Nous sommes l\u2019usine source avec des centaines d\u2019op\u00e9rateurs qualifi\u00e9s et un atelier de production de plus de 3 000 m\u00e8tres carr\u00e9s. Une s\u00e9rie d\u2019\u00e9quipements d\u2019automatisation \u00e9lectrique r\u00e9cemment modernis\u00e9s, les produits de production sont fins, beaux, et l\u2019efficacit\u00e9 est tr\u00e8s \u00e9lev\u00e9e. Des dizaines de cha\u00eenes de production fonctionnent jour et nuit, et la qualit\u00e9 et la quantit\u00e9 de production vont de pair. Il y a beaucoup de talents de premier ordre dans notre usine, apr\u00e8s des ann\u00e9es de passage au club. Ils vous fournissent la technologie et les services les plus professionnels gr\u00e2ce \u00e0 l\u2019esprit d\u2019exploration technologique. <\/p>\n\t\t\t\t\t\t\t\t<\/div>\n\t\t\t\t<div class=\"elementor-element elementor-element-c3f953a elementor-widget elementor-widget-image\" data-id=\"c3f953a\" data-element_type=\"widget\" data-e-type=\"widget\" data-widget_type=\"image.default\">\n\t\t\t\t\t\t\t\t\t\t\t\t\t\t\t<img decoding=\"async\" width=\"750\" height=\"750\" src=\"https:\/\/www.plasticfoodbags.com\/wp-content\/uploads\/2025\/08\/Our-Factory.jpg\" class=\"attachment-full size-full wp-image-27428\" alt=\"\" srcset=\"https:\/\/www.plasticfoodbags.com\/wp-content\/uploads\/2025\/08\/Our-Factory.jpg 750w, https:\/\/www.plasticfoodbags.com\/wp-content\/uploads\/2025\/08\/Our-Factory-300x300.jpg 300w, https:\/\/www.plasticfoodbags.com\/wp-content\/uploads\/2025\/08\/Our-Factory-150x150.jpg 150w, https:\/\/www.plasticfoodbags.com\/wp-content\/uploads\/2025\/08\/Our-Factory-600x600.jpg 600w, https:\/\/www.plasticfoodbags.com\/wp-content\/uploads\/2025\/08\/Our-Factory-100x100.jpg 100w\" sizes=\"(max-width: 750px) 100vw, 750px\" \/>\t\t\t\t\t\t\t\t\t\t\t\t\t\t\t<\/div>\n\t\t\t\t<div class=\"elementor-element elementor-element-4ff0d31 elementor-widget elementor-widget-heading\" data-id=\"4ff0d31\" data-element_type=\"widget\" data-e-type=\"widget\" data-widget_type=\"heading.default\">\n\t\t\t\t\t<h1 class=\"elementor-heading-title elementor-size-default\">Notre produit<\/h1>\t\t\t\t<\/div>\n\t\t\t\t<div class=\"elementor-element elementor-element-778b3fd elementor-widget elementor-widget-text-editor\" data-id=\"778b3fd\" data-element_type=\"widget\" data-e-type=\"widget\" data-widget_type=\"text-editor.default\">\n\t\t\t\t\t\t\t\t\t<p>Nos produits comprennent principalement des stores \u00e0 roulement, des stores en nid d\u2019abeille, des stores verticaux et des stores v\u00e9nitiens. Parmi eux, on peut tous produire des stores z\u00e9br\u00e9s, Shangri-La, hanas, Roma, etc. <\/p>\n\t\t\t\t\t\t\t\t<\/div>\n\t\t\t\t<div class=\"elementor-element elementor-element-844cce3 elementor-widget elementor-widget-image\" data-id=\"844cce3\" data-element_type=\"widget\" data-e-type=\"widget\" data-widget_type=\"image.default\">\n\t\t\t\t\t\t\t\t\t\t\t\t\t\t\t<img loading=\"lazy\" decoding=\"async\" width=\"750\" height=\"750\" src=\"https:\/\/www.plasticfoodbags.com\/wp-content\/uploads\/2025\/08\/Our-Product.jpg\" class=\"attachment-full size-full wp-image-27442\" alt=\"\" srcset=\"https:\/\/www.plasticfoodbags.com\/wp-content\/uploads\/2025\/08\/Our-Product.jpg 750w, https:\/\/www.plasticfoodbags.com\/wp-content\/uploads\/2025\/08\/Our-Product-300x300.jpg 300w, https:\/\/www.plasticfoodbags.com\/wp-content\/uploads\/2025\/08\/Our-Product-150x150.jpg 150w, https:\/\/www.plasticfoodbags.com\/wp-content\/uploads\/2025\/08\/Our-Product-600x600.jpg 600w, https:\/\/www.plasticfoodbags.com\/wp-content\/uploads\/2025\/08\/Our-Product-100x100.jpg 100w\" sizes=\"(max-width: 750px) 100vw, 750px\" \/>\t\t\t\t\t\t\t\t\t\t\t\t\t\t\t<\/div>\n\t\t\t\t<div class=\"elementor-element elementor-element-1259e13 elementor-widget elementor-widget-heading\" data-id=\"1259e13\" data-element_type=\"widget\" data-e-type=\"widget\" data-widget_type=\"heading.default\">\n\t\t\t\t\t<h1 class=\"elementor-heading-title elementor-size-default\">Application produit<\/h1>\t\t\t\t<\/div>\n\t\t\t\t<div class=\"elementor-element elementor-element-f87a04a elementor-widget elementor-widget-text-editor\" data-id=\"f87a04a\" data-element_type=\"widget\" data-e-type=\"widget\" data-widget_type=\"text-editor.default\">\n\t\t\t\t\t\t\t\t\t<p>Les stores v\u00e9nitiens sont largement utilis\u00e9s dans divers contextes de la vie, tels que les bureaux, h\u00f4tels, chambres, salles de bains, cuisines, caf\u00e9s, \u00e9coles, h\u00f4pitaux, etc. La lumi\u00e8re peut \u00eatre contr\u00f4l\u00e9e en ajustant l\u2019angle des stores pour r\u00e9pondre aux besoins de diff\u00e9rentes occasions. En m\u00eame temps, selon diff\u00e9rents mat\u00e9riaux, vous pouvez choisir l\u2019ombrage complet, semi-ombrage ou pas d\u2019ombrage. Les stores contiennent une vari\u00e9t\u00e9 de mat\u00e9riaux, et la particularit\u00e9 de ce mat\u00e9riau les rend imperm\u00e9ables, r\u00e9sistants \u00e0 l\u2019huile et ignifuges, et sont faciles \u00e0 nettoyer, ce qui les rend tr\u00e8s adapt\u00e9s \u00e0 l\u2019installation en toute occasion. Le produit est magnifique dans son ensemble et peut aussi obtenir un bon effet d\u00e9coratif. <\/p>\n\t\t\t\t\t\t\t\t<\/div>\n\t\t\t\t<div class=\"elementor-element elementor-element-ae0b979 elementor-widget elementor-widget-image\" data-id=\"ae0b979\" data-element_type=\"widget\" data-e-type=\"widget\" data-widget_type=\"image.default\">\n\t\t\t\t\t\t\t\t\t\t\t\t\t\t\t<img loading=\"lazy\" decoding=\"async\" width=\"1200\" height=\"1126\" src=\"https:\/\/www.plasticfoodbags.com\/wp-content\/uploads\/2025\/08\/20220902110632cfab675400614970993774b21d502c94.jpg\" class=\"attachment-full size-full wp-image-28156\" alt=\"\" srcset=\"https:\/\/www.plasticfoodbags.com\/wp-content\/uploads\/2025\/08\/20220902110632cfab675400614970993774b21d502c94.jpg 1200w, https:\/\/www.plasticfoodbags.com\/wp-content\/uploads\/2025\/08\/20220902110632cfab675400614970993774b21d502c94-300x282.jpg 300w, https:\/\/www.plasticfoodbags.com\/wp-content\/uploads\/2025\/08\/20220902110632cfab675400614970993774b21d502c94-1024x961.jpg 1024w, https:\/\/www.plasticfoodbags.com\/wp-content\/uploads\/2025\/08\/20220902110632cfab675400614970993774b21d502c94-768x721.jpg 768w, https:\/\/www.plasticfoodbags.com\/wp-content\/uploads\/2025\/08\/20220902110632cfab675400614970993774b21d502c94-600x563.jpg 600w\" sizes=\"(max-width: 1200px) 100vw, 1200px\" \/>\t\t\t\t\t\t\t\t\t\t\t\t\t\t\t<\/div>\n\t\t\t\t<div class=\"elementor-element elementor-element-62bb7f8 elementor-widget elementor-widget-heading\" data-id=\"62bb7f8\" data-element_type=\"widget\" data-e-type=\"widget\" data-widget_type=\"heading.default\">\n\t\t\t\t\t<h1 class=\"elementor-heading-title elementor-size-default\">Notre certificat<\/h1>\t\t\t\t<\/div>\n\t\t\t\t<div class=\"elementor-element elementor-element-3e3d155 elementor-widget elementor-widget-text-editor\" data-id=\"3e3d155\" data-element_type=\"widget\" data-e-type=\"widget\" data-widget_type=\"text-editor.default\">\n\t\t\t\t\t\t\t\t\t<p>Pour les tissus et produits finis, nous avons obtenu presque toutes les certifications, telles que SGS, BV, OEKO TEX 100, etc. Et nos produits ont pass\u00e9 ISO14001 et IS09001 certifications. Nous nous concentrons sur la qualit\u00e9 de nos produits et nous nous engageons \u00e0 respecter les normes internationales. Nous disposons de plus de 1000 autorisations de conception chaque ann\u00e9e, prot\u00e9geant les int\u00e9r\u00eats de chaque client. <\/p>\n\t\t\t\t\t\t\t\t<\/div>\n\t\t\t\t<div class=\"elementor-element elementor-element-4ec5956 elementor-widget elementor-widget-image\" data-id=\"4ec5956\" data-element_type=\"widget\" data-e-type=\"widget\" data-widget_type=\"image.default\">\n\t\t\t\t\t\t\t\t\t\t\t\t\t\t\t<img loading=\"lazy\" decoding=\"async\" width=\"1200\" height=\"534\" src=\"https:\/\/www.plasticfoodbags.com\/wp-content\/uploads\/2025\/08\/20220902111341047d64879dea452aa9517dc49cd1299b.jpg\" class=\"attachment-full size-full wp-image-28170\" alt=\"\" srcset=\"https:\/\/www.plasticfoodbags.com\/wp-content\/uploads\/2025\/08\/20220902111341047d64879dea452aa9517dc49cd1299b.jpg 1200w, https:\/\/www.plasticfoodbags.com\/wp-content\/uploads\/2025\/08\/20220902111341047d64879dea452aa9517dc49cd1299b-300x134.jpg 300w, https:\/\/www.plasticfoodbags.com\/wp-content\/uploads\/2025\/08\/20220902111341047d64879dea452aa9517dc49cd1299b-1024x456.jpg 1024w, https:\/\/www.plasticfoodbags.com\/wp-content\/uploads\/2025\/08\/20220902111341047d64879dea452aa9517dc49cd1299b-768x342.jpg 768w, https:\/\/www.plasticfoodbags.com\/wp-content\/uploads\/2025\/08\/20220902111341047d64879dea452aa9517dc49cd1299b-600x267.jpg 600w\" sizes=\"(max-width: 1200px) 100vw, 1200px\" \/>\t\t\t\t\t\t\t\t\t\t\t\t\t\t\t<\/div>\n\t\t\t\t<div class=\"elementor-element elementor-element-2defeaf elementor-widget elementor-widget-heading\" data-id=\"2defeaf\" data-element_type=\"widget\" data-e-type=\"widget\" data-widget_type=\"heading.default\">\n\t\t\t\t\t<h1 class=\"elementor-heading-title elementor-size-default\">\u00c9quipement de production<\/h1>\t\t\t\t<\/div>\n\t\t\t\t<div class=\"elementor-element elementor-element-4dcb5e8 elementor-widget elementor-widget-text-editor\" data-id=\"4dcb5e8\" data-element_type=\"widget\" data-e-type=\"widget\" data-widget_type=\"text-editor.default\">\n\t\t\t\t\t\t\t\t\t<p>Nous avons des \u00e9quipements de production r\u00e9cemment modernis\u00e9s et am\u00e9lior\u00e9s, chaque \u00e9quipement a subi une inspection de qualit\u00e9 stricte, et nous nous effor\u00e7ons de produire des stores exquis. Notre \u00e9quipement de production comprend la scie \u00e0 composants \u00e0 coupe, la machine \u00e0 encoche \u00e0 persiennes, la machine \u00e0 agrafes \u00e0 clous, la machine \u00e0 trous de souris, la machine \u00e0 trous magn\u00e9tiques, la serreuse de panneaux, la machine \u00e0 cadres angulaires, la machine \u00e0 trous de serrure Huffman, la machine \u00e0 rails, la machine \u00e0 trous \u00e0 montants, etc. Parmi eux, le Tenoner ectangulaire et le Mortiser \u00e0 oscillation sont deux machines qui coop\u00e8rent : le Tenoner rectangulaire forme les rails et le Mortiser \u00e0 oscillation les montants, formant une structure faucon, afin que le rail puisse s\u2019adapter \u00e9troitement au montant et \u00eatre install\u00e9 ensemble. Les \u00e9quipements de production, associ\u00e9s \u00e0 des op\u00e9rateurs exp\u00e9riment\u00e9s, garantissent doublement la qualit\u00e9 des produits. <\/p>\n\t\t\t\t\t\t\t\t<\/div>\n\t\t\t\t<div class=\"elementor-element elementor-element-c35df28 elementor-widget elementor-widget-image\" data-id=\"c35df28\" data-element_type=\"widget\" data-e-type=\"widget\" data-widget_type=\"image.default\">\n\t\t\t\t\t\t\t\t\t\t\t\t\t\t\t<img loading=\"lazy\" decoding=\"async\" width=\"1200\" height=\"209\" src=\"https:\/\/www.plasticfoodbags.com\/wp-content\/uploads\/2025\/08\/20220902111643b88384ee0b48455783a8ec4213cbc5b9.jpg\" class=\"attachment-full size-full wp-image-28184\" alt=\"\" srcset=\"https:\/\/www.plasticfoodbags.com\/wp-content\/uploads\/2025\/08\/20220902111643b88384ee0b48455783a8ec4213cbc5b9.jpg 1200w, https:\/\/www.plasticfoodbags.com\/wp-content\/uploads\/2025\/08\/20220902111643b88384ee0b48455783a8ec4213cbc5b9-300x52.jpg 300w, https:\/\/www.plasticfoodbags.com\/wp-content\/uploads\/2025\/08\/20220902111643b88384ee0b48455783a8ec4213cbc5b9-1024x178.jpg 1024w, https:\/\/www.plasticfoodbags.com\/wp-content\/uploads\/2025\/08\/20220902111643b88384ee0b48455783a8ec4213cbc5b9-768x134.jpg 768w, https:\/\/www.plasticfoodbags.com\/wp-content\/uploads\/2025\/08\/20220902111643b88384ee0b48455783a8ec4213cbc5b9-600x105.jpg 600w\" sizes=\"(max-width: 1200px) 100vw, 1200px\" \/>\t\t\t\t\t\t\t\t\t\t\t\t\t\t\t<\/div>\n\t\t\t\t<div class=\"elementor-element elementor-element-07f50ce elementor-widget elementor-widget-heading\" data-id=\"07f50ce\" data-element_type=\"widget\" data-e-type=\"widget\" data-widget_type=\"heading.default\">\n\t\t\t\t\t<h1 class=\"elementor-heading-title elementor-size-default\">March\u00e9 de production<\/h1>\t\t\t\t<\/div>\n\t\t\t\t<div class=\"elementor-element elementor-element-468dc6f elementor-widget elementor-widget-text-editor\" data-id=\"468dc6f\" data-element_type=\"widget\" data-e-type=\"widget\" data-widget_type=\"text-editor.default\">\n\t\t\t\t\t\t\t\t\t<p>Nos produits dominent non seulement le march\u00e9 chinois, mais comptent aussi des clients dans le monde entier. Surtout les \u00c9tats-Unis, la Russie, le Royaume-Uni, le Danemark, la France, l\u2019Australie, l\u2019Am\u00e9rique du Sud et le Moyen-Orient. Notre entreprise compte de nombreux cas de coop\u00e9ration r\u00e9ussis en Am\u00e9rique du Nord, et la qualit\u00e9 ainsi que l\u2019impact sont bien accueillis par les clients. Le taux global de f\u00e9licitations de l\u2019entreprise d\u00e9passe 95 %. Le service professionnel et le prix comp\u00e9titif sont la philosophie commerciale \u00e0 laquelle notre entreprise adh\u00e8re. <\/p>\n\t\t\t\t\t\t\t\t<\/div>\n\t\t\t\t<div class=\"elementor-element elementor-element-ad5e046 elementor-widget elementor-widget-image\" data-id=\"ad5e046\" data-element_type=\"widget\" data-e-type=\"widget\" data-widget_type=\"image.default\">\n\t\t\t\t\t\t\t\t\t\t\t\t\t\t\t<img loading=\"lazy\" decoding=\"async\" width=\"750\" height=\"550\" src=\"https:\/\/www.plasticfoodbags.com\/wp-content\/uploads\/2025\/08\/202209021118588fd12354cd5f4480add3d3c87040ec96.jpg\" class=\"attachment-full size-full wp-image-28198\" alt=\"\" srcset=\"https:\/\/www.plasticfoodbags.com\/wp-content\/uploads\/2025\/08\/202209021118588fd12354cd5f4480add3d3c87040ec96.jpg 750w, https:\/\/www.plasticfoodbags.com\/wp-content\/uploads\/2025\/08\/202209021118588fd12354cd5f4480add3d3c87040ec96-300x220.jpg 300w, https:\/\/www.plasticfoodbags.com\/wp-content\/uploads\/2025\/08\/202209021118588fd12354cd5f4480add3d3c87040ec96-600x440.jpg 600w\" sizes=\"(max-width: 750px) 100vw, 750px\" \/>\t\t\t\t\t\t\t\t\t\t\t\t\t\t\t<\/div>\n\t\t\t\t<div class=\"elementor-element elementor-element-32b502c elementor-widget elementor-widget-heading\" data-id=\"32b502c\" data-element_type=\"widget\" data-e-type=\"widget\" data-widget_type=\"heading.default\">\n\t\t\t\t\t<h1 class=\"elementor-heading-title elementor-size-default\">Notre service<\/h1>\t\t\t\t<\/div>\n\t\t\t\t<div class=\"elementor-element elementor-element-42719aa elementor-widget elementor-widget-text-editor\" data-id=\"42719aa\" data-element_type=\"widget\" data-e-type=\"widget\" data-widget_type=\"text-editor.default\">\n\t\t\t\t\t\t\t\t\t<p>Pr\u00e9vente : Notre \u00e9quipe de service client professionnellement form\u00e9e vous offrira une consultation professionnelle 24 heures sur 24 et vous r\u00e9pondra sous 2 heures. Nous vous fournirons des conseils professionnels, des informations d\u00e9taill\u00e9es, un devis raisonnable, etc. Notre \u00e9quipe commerciale vous pr\u00e9sentera les fonctions, couleurs, d\u00e9tails, etc. des produits dont vous avez besoin, et r\u00e9pondra \u00e9galement \u00e0 une s\u00e9rie de questions sur les produits, afin que vous puissiez bien comprendre les informations produites. Apr\u00e8s l\u2019achat du produit, notre entreprise vous contactera pour vous indiquer les d\u00e9lais de livraison et les conditions requises ; en cas de circonstances particuli\u00e8res, nous exp\u00e9dierons dans un d\u00e9lai de 7 jours. <\/p>\n<p>Vente en vente : Nous signerons un contrat unifi\u00e9 et un accord technique, et nous respecterons consciemment les dispositions du contrat afin d\u2019assurer le bon d\u00e9roulement de la coop\u00e9ration. Nous nous effor\u00e7ons de vous fournir des produits de qualit\u00e9 et d\u2019utiliser la meilleure m\u00e9thode d\u2019exp\u00e9dition adapt\u00e9e \u00e0 vos besoins afin de garantir que vous receviez le produit en parfait \u00e9tat. Nous respectons les arrangements des clients et fournissons un support technique r\u00e9fl\u00e9chi. Nous vous fournirons des services de production, d\u2019inspection qualit\u00e9, de formation et d\u2019autres services conform\u00e9ment aux dispositions du contrat. Quelle que soit la taille de la commande, tous les clients sont \u00e9quitables en termes de prix et de service. <\/p>\n<p>Apr\u00e8s-vente : Vous n\u2019avez pas du tout \u00e0 vous soucier de la qualit\u00e9 du produit. En g\u00e9n\u00e9ral, notre garantie produit est de six mois, et nous conserverons le produit pour vous toute la vie. Pendant la p\u00e9riode de garantie, nous r\u00e9parerons et remplacerons gratuitement les pi\u00e8ces endommag\u00e9es caus\u00e9es par des probl\u00e8mes de qualit\u00e9. Si vous recevez un produit pr\u00e9sentant des probl\u00e8mes de qualit\u00e9, nous soutenons le remplacement ou le remboursement. Nous suivons toujours la notion de \u00ab recherche de haute qualit\u00e9, la satisfaction client est notre objectif \u00bb. <\/p>\n\t\t\t\t\t\t\t\t<\/div>\n\t\t\t\t<div class=\"elementor-element elementor-element-b4e3b3c elementor-widget elementor-widget-image\" data-id=\"b4e3b3c\" data-element_type=\"widget\" data-e-type=\"widget\" data-widget_type=\"image.default\">\n\t\t\t\t\t\t\t\t\t\t\t\t\t\t\t<img loading=\"lazy\" decoding=\"async\" width=\"1214\" height=\"592\" src=\"https:\/\/www.plasticfoodbags.com\/wp-content\/uploads\/2025\/08\/202209021119525915049196354f91aae49b550dca2fe5.jpg\" class=\"attachment-full size-full wp-image-28212\" alt=\"\" srcset=\"https:\/\/www.plasticfoodbags.com\/wp-content\/uploads\/2025\/08\/202209021119525915049196354f91aae49b550dca2fe5.jpg 1214w, https:\/\/www.plasticfoodbags.com\/wp-content\/uploads\/2025\/08\/202209021119525915049196354f91aae49b550dca2fe5-300x146.jpg 300w, https:\/\/www.plasticfoodbags.com\/wp-content\/uploads\/2025\/08\/202209021119525915049196354f91aae49b550dca2fe5-1024x499.jpg 1024w, https:\/\/www.plasticfoodbags.com\/wp-content\/uploads\/2025\/08\/202209021119525915049196354f91aae49b550dca2fe5-768x375.jpg 768w, https:\/\/www.plasticfoodbags.com\/wp-content\/uploads\/2025\/08\/202209021119525915049196354f91aae49b550dca2fe5-600x293.jpg 600w\" sizes=\"(max-width: 1214px) 100vw, 1214px\" \/>\t\t\t\t\t\t\t\t\t\t\t\t\t\t\t<\/div>\n\t\t\t\t<\/div>\n\t\t\t\t<\/div>\n\t\t","protected":false},"excerpt":{"rendered":"<p>Notre histoire Notre entreprise a \u00e9t\u00e9 fond\u00e9e \u00e0 Qingdao, dans la province du Shandong, en Chine, sp\u00e9cialis\u00e9e dans la production de produits de la s\u00e9rie de stores, en particulier les stores \u00e0 rouleau, les stores z\u00e9br\u00e9s, les stores verticaux, les stores en nid d\u2019abeille, les stores v\u00e9nitiens, etc. Notre entreprise poss\u00e8de une histoire de dix-sept [&hellip;]<\/p>\n","protected":false},"author":1,"featured_media":0,"parent":0,"menu_order":0,"comment_status":"closed","ping_status":"closed","template":"","meta":{"footnotes":""},"class_list":["post-38391","page","type-page","status-publish","hentry"],"_links":{"self":[{"href":"https:\/\/www.plasticfoodbags.com\/fr\/wp-json\/wp\/v2\/pages\/38391","targetHints":{"allow":["GET"]}}],"collection":[{"href":"https:\/\/www.plasticfoodbags.com\/fr\/wp-json\/wp\/v2\/pages"}],"about":[{"href":"https:\/\/www.plasticfoodbags.com\/fr\/wp-json\/wp\/v2\/types\/page"}],"author":[{"embeddable":true,"href":"https:\/\/www.plasticfoodbags.com\/fr\/wp-json\/wp\/v2\/users\/1"}],"replies":[{"embeddable":true,"href":"https:\/\/www.plasticfoodbags.com\/fr\/wp-json\/wp\/v2\/comments?post=38391"}],"version-history":[{"count":0,"href":"https:\/\/www.plasticfoodbags.com\/fr\/wp-json\/wp\/v2\/pages\/38391\/revisions"}],"wp:attachment":[{"href":"https:\/\/www.plasticfoodbags.com\/fr\/wp-json\/wp\/v2\/media?parent=38391"}],"curies":[{"name":"wp","href":"https:\/\/api.w.org\/{rel}","templated":true}]}}