{"id":38389,"date":"2025-01-09T14:20:20","date_gmt":"2025-01-09T14:20:20","guid":{"rendered":"https:\/\/www.plasticfoodbags.com\/chi-siamo\/"},"modified":"2026-02-28T02:45:42","modified_gmt":"2026-02-28T02:45:42","slug":"chi-siamo","status":"publish","type":"page","link":"https:\/\/www.plasticfoodbags.com\/it\/chi-siamo\/","title":{"rendered":"Chi Siamo"},"content":{"rendered":"\t\t<div data-elementor-type=\"wp-page\" data-elementor-id=\"38389\" class=\"elementor elementor-38389 elementor-102\" data-elementor-post-type=\"page\">\n\t\t\t\t<div class=\"elementor-element elementor-element-926009d e-flex e-con-boxed e-con e-parent\" data-id=\"926009d\" data-element_type=\"container\" data-e-type=\"container\">\n\t\t\t\t\t<div class=\"e-con-inner\">\n\t\t\t\t<div class=\"elementor-element elementor-element-432366c elementor-widget elementor-widget-image\" data-id=\"432366c\" data-element_type=\"widget\" data-e-type=\"widget\" data-widget_type=\"image.default\">\n\t\t\t\t\t\t\t\t\t\t\t\t\t\t\t<img fetchpriority=\"high\" decoding=\"async\" width=\"1920\" height=\"301\" src=\"https:\/\/www.plasticfoodbags.com\/wp-content\/uploads\/2025\/08\/banner.jpg\" class=\"attachment-full size-full wp-image-27389\" alt=\"\" srcset=\"https:\/\/www.plasticfoodbags.com\/wp-content\/uploads\/2025\/08\/banner.jpg 1920w, https:\/\/www.plasticfoodbags.com\/wp-content\/uploads\/2025\/08\/banner-300x47.jpg 300w, https:\/\/www.plasticfoodbags.com\/wp-content\/uploads\/2025\/08\/banner-1024x161.jpg 1024w, https:\/\/www.plasticfoodbags.com\/wp-content\/uploads\/2025\/08\/banner-768x120.jpg 768w, https:\/\/www.plasticfoodbags.com\/wp-content\/uploads\/2025\/08\/banner-1536x241.jpg 1536w, https:\/\/www.plasticfoodbags.com\/wp-content\/uploads\/2025\/08\/banner-600x94.jpg 600w\" sizes=\"(max-width: 1920px) 100vw, 1920px\" \/>\t\t\t\t\t\t\t\t\t\t\t\t\t\t\t<\/div>\n\t\t\t\t\t<\/div>\n\t\t\t\t<\/div>\n\t\t<div class=\"elementor-element elementor-element-1317c08f e-con-full e-flex e-con e-parent\" data-id=\"1317c08f\" data-element_type=\"container\" data-e-type=\"container\">\n\t\t\t\t<div class=\"elementor-element elementor-element-fe05fbf elementor-widget elementor-widget-heading\" data-id=\"fe05fbf\" data-element_type=\"widget\" data-e-type=\"widget\" data-widget_type=\"heading.default\">\n\t\t\t\t\t<h1 class=\"elementor-heading-title elementor-size-default\">La nostra storia<\/h1>\t\t\t\t<\/div>\n\t\t\t\t<div class=\"elementor-element elementor-element-50e3230 elementor-widget elementor-widget-text-editor\" data-id=\"50e3230\" data-element_type=\"widget\" data-e-type=\"widget\" data-widget_type=\"text-editor.default\">\n\t\t\t\t\t\t\t\t\t<p>La nostra azienda \u00e8 stata fondata a Qingdao, provincia dello Shandong, Cina, specializzandosi nella produzione di prodotti della serie di tende, in particolare tapparelle a rulli, tapparelle zebra, tapparelle verticali, tapparelle a nido d&#8217;ape, tapparelle veneziane e cos\u00ec via. La nostra azienda ha una storia di diciassette anni e una ricca esperienza in progettazione, produzione, vendite, ispezione qualit\u00e0, post-vendita e altri servizi. Accettiamo ODM e OEM. Se hai esigenze di design, un team professionale pu\u00f2 offrirti dei servizi. Il nostro team di progettazione \u00e8 esperto e pu\u00f2 progettare in base alle esigenze della scena, come camere da letto, scuole, caff\u00e8, ristoranti, uffici, ecc. I nostri campioni sono molto favorevoli e il prezzo del prodotto pu\u00f2 essere scontato in base alla quantit\u00e0 ordinata dal cliente. Supportiamo i clienti a specificare l&#8217;espresso, che sia marittimo, aereo o terrestre, puoi scegliere. Dalla sua apertura, la nostra azienda ha continuato a sviluppare il mercato con il suo concetto di design unico, la tecnologia di produzione eccellente, un servizio entusiasta e un servizio post-vendita attento, ottenendo un ampio riconoscimento dai clienti. <\/p>\n\t\t\t\t\t\t\t\t<\/div>\n\t\t\t\t<div class=\"elementor-element elementor-element-27f2589 elementor-widget elementor-widget-image\" data-id=\"27f2589\" data-element_type=\"widget\" data-e-type=\"widget\" data-widget_type=\"image.default\">\n\t\t\t\t\t\t\t\t\t\t\t\t\t\t\t<img decoding=\"async\" width=\"750\" height=\"486\" src=\"https:\/\/www.plasticfoodbags.com\/wp-content\/uploads\/2025\/08\/Our-History.jpg\" class=\"attachment-full size-full wp-image-27416\" alt=\"\" srcset=\"https:\/\/www.plasticfoodbags.com\/wp-content\/uploads\/2025\/08\/Our-History.jpg 750w, https:\/\/www.plasticfoodbags.com\/wp-content\/uploads\/2025\/08\/Our-History-300x194.jpg 300w, https:\/\/www.plasticfoodbags.com\/wp-content\/uploads\/2025\/08\/Our-History-600x389.jpg 600w\" sizes=\"(max-width: 750px) 100vw, 750px\" \/>\t\t\t\t\t\t\t\t\t\t\t\t\t\t\t<\/div>\n\t\t\t\t<div class=\"elementor-element elementor-element-6563e49 elementor-widget elementor-widget-heading\" data-id=\"6563e49\" data-element_type=\"widget\" data-e-type=\"widget\" data-widget_type=\"heading.default\">\n\t\t\t\t\t<h1 class=\"elementor-heading-title elementor-size-default\">La nostra fabbrica<\/h1>\t\t\t\t<\/div>\n\t\t\t\t<div class=\"elementor-element elementor-element-9b75098 elementor-widget elementor-widget-text-editor\" data-id=\"9b75098\" data-element_type=\"widget\" data-e-type=\"widget\" data-widget_type=\"text-editor.default\">\n\t\t\t\t\t\t\t\t\t<p>La nostra fabbrica \u00e8 stata fondata all&#8217;inizio del XX secolo, situata a Qingdao, Shandong. Siamo la fabbrica di origine con centinaia di operatori qualificati e un laboratorio di produzione di oltre 3.000 metri quadrati. Una serie di apparecchiature di automazione elettrica recentemente aggiornate, i prodotti di produzione sono ottimi e belli, e l&#8217;efficienza \u00e8 molto alta. Decine di linee di produzione lavorano 24 ore su 24, e qualit\u00e0 e quantit\u00e0 di produzione vanno di pari passo. Ci sono molti talenti di prima classe nella nostra fabbrica, dopo anni di esperienza in fabbrica. Ti forniscono la tecnologia e i servizi pi\u00f9 professionali grazie allo spirito di esplorazione tecnologica. <\/p>\n\t\t\t\t\t\t\t\t<\/div>\n\t\t\t\t<div class=\"elementor-element elementor-element-c3f953a elementor-widget elementor-widget-image\" data-id=\"c3f953a\" data-element_type=\"widget\" data-e-type=\"widget\" data-widget_type=\"image.default\">\n\t\t\t\t\t\t\t\t\t\t\t\t\t\t\t<img decoding=\"async\" width=\"750\" height=\"750\" src=\"https:\/\/www.plasticfoodbags.com\/wp-content\/uploads\/2025\/08\/Our-Factory.jpg\" class=\"attachment-full size-full wp-image-27430\" alt=\"\" srcset=\"https:\/\/www.plasticfoodbags.com\/wp-content\/uploads\/2025\/08\/Our-Factory.jpg 750w, https:\/\/www.plasticfoodbags.com\/wp-content\/uploads\/2025\/08\/Our-Factory-300x300.jpg 300w, https:\/\/www.plasticfoodbags.com\/wp-content\/uploads\/2025\/08\/Our-Factory-150x150.jpg 150w, https:\/\/www.plasticfoodbags.com\/wp-content\/uploads\/2025\/08\/Our-Factory-600x600.jpg 600w, https:\/\/www.plasticfoodbags.com\/wp-content\/uploads\/2025\/08\/Our-Factory-100x100.jpg 100w\" sizes=\"(max-width: 750px) 100vw, 750px\" \/>\t\t\t\t\t\t\t\t\t\t\t\t\t\t\t<\/div>\n\t\t\t\t<div class=\"elementor-element elementor-element-4ff0d31 elementor-widget elementor-widget-heading\" data-id=\"4ff0d31\" data-element_type=\"widget\" data-e-type=\"widget\" data-widget_type=\"heading.default\">\n\t\t\t\t\t<h1 class=\"elementor-heading-title elementor-size-default\">Il nostro prodotto<\/h1>\t\t\t\t<\/div>\n\t\t\t\t<div class=\"elementor-element elementor-element-778b3fd elementor-widget elementor-widget-text-editor\" data-id=\"778b3fd\" data-element_type=\"widget\" data-e-type=\"widget\" data-widget_type=\"text-editor.default\">\n\t\t\t\t\t\t\t\t\t<p>I nostri prodotti includono principalmente tendenze a rullo, tapparelle a nido d&#8217;ape, tapparelle verticali e veneziane. Tra queste, si possono produrre tende zebra, persiane Shangri-La, tende hanas, persiane rom, ecc. <\/p>\n\t\t\t\t\t\t\t\t<\/div>\n\t\t\t\t<div class=\"elementor-element elementor-element-844cce3 elementor-widget elementor-widget-image\" data-id=\"844cce3\" data-element_type=\"widget\" data-e-type=\"widget\" data-widget_type=\"image.default\">\n\t\t\t\t\t\t\t\t\t\t\t\t\t\t\t<img loading=\"lazy\" decoding=\"async\" width=\"750\" height=\"750\" src=\"https:\/\/www.plasticfoodbags.com\/wp-content\/uploads\/2025\/08\/Our-Product.jpg\" class=\"attachment-full size-full wp-image-27444\" alt=\"\" srcset=\"https:\/\/www.plasticfoodbags.com\/wp-content\/uploads\/2025\/08\/Our-Product.jpg 750w, https:\/\/www.plasticfoodbags.com\/wp-content\/uploads\/2025\/08\/Our-Product-300x300.jpg 300w, https:\/\/www.plasticfoodbags.com\/wp-content\/uploads\/2025\/08\/Our-Product-150x150.jpg 150w, https:\/\/www.plasticfoodbags.com\/wp-content\/uploads\/2025\/08\/Our-Product-600x600.jpg 600w, https:\/\/www.plasticfoodbags.com\/wp-content\/uploads\/2025\/08\/Our-Product-100x100.jpg 100w\" sizes=\"(max-width: 750px) 100vw, 750px\" \/>\t\t\t\t\t\t\t\t\t\t\t\t\t\t\t<\/div>\n\t\t\t\t<div class=\"elementor-element elementor-element-1259e13 elementor-widget elementor-widget-heading\" data-id=\"1259e13\" data-element_type=\"widget\" data-e-type=\"widget\" data-widget_type=\"heading.default\">\n\t\t\t\t\t<h1 class=\"elementor-heading-title elementor-size-default\">Applicazione del prodotto<\/h1>\t\t\t\t<\/div>\n\t\t\t\t<div class=\"elementor-element elementor-element-f87a04a elementor-widget elementor-widget-text-editor\" data-id=\"f87a04a\" data-element_type=\"widget\" data-e-type=\"widget\" data-widget_type=\"text-editor.default\">\n\t\t\t\t\t\t\t\t\t<p>Le tende veneziane sono ampiamente utilizzate in vari scenari della vita, come uffici, hotel, camere da letto, bagni, cucine, caff\u00e8, scuole, ospedali, ecc. La luce pu\u00f2 essere controllata regolando l&#8217;angolo delle tende per soddisfare le esigenze di diverse occasioni. Allo stesso tempo, a seconda dei materiali diversi, puoi scegliere ombreggiatura completa, semi-ombreggiatura o nessuna ombreggiatura. Le tapparelle hanno una variet\u00e0 di materiali e la particolarit\u00e0 del materiale la rende impermeabile, impermeabile all&#8217;olio e ignifugo, ed \u00e8 facile da pulire, quindi \u00e8 molto adatta all&#8217;installazione in qualsiasi occasione. Il prodotto \u00e8 bello nel suo insieme e pu\u00f2 anche ottenere un buon effetto decorativo. <\/p>\n\t\t\t\t\t\t\t\t<\/div>\n\t\t\t\t<div class=\"elementor-element elementor-element-ae0b979 elementor-widget elementor-widget-image\" data-id=\"ae0b979\" data-element_type=\"widget\" data-e-type=\"widget\" data-widget_type=\"image.default\">\n\t\t\t\t\t\t\t\t\t\t\t\t\t\t\t<img loading=\"lazy\" decoding=\"async\" width=\"1200\" height=\"1126\" src=\"https:\/\/www.plasticfoodbags.com\/wp-content\/uploads\/2025\/08\/20220902110632cfab675400614970993774b21d502c94.jpg\" class=\"attachment-full size-full wp-image-28158\" alt=\"\" srcset=\"https:\/\/www.plasticfoodbags.com\/wp-content\/uploads\/2025\/08\/20220902110632cfab675400614970993774b21d502c94.jpg 1200w, https:\/\/www.plasticfoodbags.com\/wp-content\/uploads\/2025\/08\/20220902110632cfab675400614970993774b21d502c94-300x282.jpg 300w, https:\/\/www.plasticfoodbags.com\/wp-content\/uploads\/2025\/08\/20220902110632cfab675400614970993774b21d502c94-1024x961.jpg 1024w, https:\/\/www.plasticfoodbags.com\/wp-content\/uploads\/2025\/08\/20220902110632cfab675400614970993774b21d502c94-768x721.jpg 768w, https:\/\/www.plasticfoodbags.com\/wp-content\/uploads\/2025\/08\/20220902110632cfab675400614970993774b21d502c94-600x563.jpg 600w\" sizes=\"(max-width: 1200px) 100vw, 1200px\" \/>\t\t\t\t\t\t\t\t\t\t\t\t\t\t\t<\/div>\n\t\t\t\t<div class=\"elementor-element elementor-element-62bb7f8 elementor-widget elementor-widget-heading\" data-id=\"62bb7f8\" data-element_type=\"widget\" data-e-type=\"widget\" data-widget_type=\"heading.default\">\n\t\t\t\t\t<h1 class=\"elementor-heading-title elementor-size-default\">Il nostro certificato<\/h1>\t\t\t\t<\/div>\n\t\t\t\t<div class=\"elementor-element elementor-element-3e3d155 elementor-widget elementor-widget-text-editor\" data-id=\"3e3d155\" data-element_type=\"widget\" data-e-type=\"widget\" data-widget_type=\"text-editor.default\">\n\t\t\t\t\t\t\t\t\t<p>Per tessuti e prodotti finiti, abbiamo ottenuto quasi tutte le certificazioni, come SGS, BV, OEKO TEX 100, ecc. E i nostri prodotti hanno superato la certificazione ISO14001 e IS09001. Ci concentriamo sulla qualit\u00e0 dei nostri prodotti e siamo impegnati a rispettare gli standard internazionali. Ogni anno riceviamo pi\u00f9 di 1000 autorizzazioni di progettazione, proteggendo gli interessi di ogni cliente. <\/p>\n\t\t\t\t\t\t\t\t<\/div>\n\t\t\t\t<div class=\"elementor-element elementor-element-4ec5956 elementor-widget elementor-widget-image\" data-id=\"4ec5956\" data-element_type=\"widget\" data-e-type=\"widget\" data-widget_type=\"image.default\">\n\t\t\t\t\t\t\t\t\t\t\t\t\t\t\t<img loading=\"lazy\" decoding=\"async\" width=\"1200\" height=\"534\" src=\"https:\/\/www.plasticfoodbags.com\/wp-content\/uploads\/2025\/08\/20220902111341047d64879dea452aa9517dc49cd1299b.jpg\" class=\"attachment-full size-full wp-image-28172\" alt=\"\" srcset=\"https:\/\/www.plasticfoodbags.com\/wp-content\/uploads\/2025\/08\/20220902111341047d64879dea452aa9517dc49cd1299b.jpg 1200w, https:\/\/www.plasticfoodbags.com\/wp-content\/uploads\/2025\/08\/20220902111341047d64879dea452aa9517dc49cd1299b-300x134.jpg 300w, https:\/\/www.plasticfoodbags.com\/wp-content\/uploads\/2025\/08\/20220902111341047d64879dea452aa9517dc49cd1299b-1024x456.jpg 1024w, https:\/\/www.plasticfoodbags.com\/wp-content\/uploads\/2025\/08\/20220902111341047d64879dea452aa9517dc49cd1299b-768x342.jpg 768w, https:\/\/www.plasticfoodbags.com\/wp-content\/uploads\/2025\/08\/20220902111341047d64879dea452aa9517dc49cd1299b-600x267.jpg 600w\" sizes=\"(max-width: 1200px) 100vw, 1200px\" \/>\t\t\t\t\t\t\t\t\t\t\t\t\t\t\t<\/div>\n\t\t\t\t<div class=\"elementor-element elementor-element-2defeaf elementor-widget elementor-widget-heading\" data-id=\"2defeaf\" data-element_type=\"widget\" data-e-type=\"widget\" data-widget_type=\"heading.default\">\n\t\t\t\t\t<h1 class=\"elementor-heading-title elementor-size-default\">Attrezzatura di produzione<\/h1>\t\t\t\t<\/div>\n\t\t\t\t<div class=\"elementor-element elementor-element-4dcb5e8 elementor-widget elementor-widget-text-editor\" data-id=\"4dcb5e8\" data-element_type=\"widget\" data-e-type=\"widget\" data-widget_type=\"text-editor.default\">\n\t\t\t\t\t\t\t\t\t<p>Abbiamo attrezzature di produzione recentemente aggiornate e potenziate, ciascuna attrezzatura ha superato rigorose ispezioni di qualit\u00e0 e ci impegniamo a produrre persiane di qualit\u00e0 squisite. Le nostre attrezzature di produzione includono sega da taglio per componenti, macchina per intaglio a persiane, macchina per chiodi per chiodi, macchina per fori per topi, macchina per fori magnetici, macchina per serrare pannelli, macchine per telai angolati, macchine per fori Huffman, macchine a forma di rotaia, macchine per fori a monte, ecc. Tra queste, il Tenoner ectangolare e il Mortaico a Oscillazione sono due macchine che collaborano tra loro: il Tenoner rettangolare forma le rotaie e il Mortaico a oscillazione modella i montanti, in una struttura falcon, in modo che la rotaia possa adattarsi saldamente al montante e essere installata insieme. Le attrezzature di produzione, unite a operatori esperti, garantiscono doppiamente la qualit\u00e0 dei prodotti. <\/p>\n\t\t\t\t\t\t\t\t<\/div>\n\t\t\t\t<div class=\"elementor-element elementor-element-c35df28 elementor-widget elementor-widget-image\" data-id=\"c35df28\" data-element_type=\"widget\" data-e-type=\"widget\" data-widget_type=\"image.default\">\n\t\t\t\t\t\t\t\t\t\t\t\t\t\t\t<img loading=\"lazy\" decoding=\"async\" width=\"1200\" height=\"209\" src=\"https:\/\/www.plasticfoodbags.com\/wp-content\/uploads\/2025\/08\/20220902111643b88384ee0b48455783a8ec4213cbc5b9.jpg\" class=\"attachment-full size-full wp-image-28186\" alt=\"\" srcset=\"https:\/\/www.plasticfoodbags.com\/wp-content\/uploads\/2025\/08\/20220902111643b88384ee0b48455783a8ec4213cbc5b9.jpg 1200w, https:\/\/www.plasticfoodbags.com\/wp-content\/uploads\/2025\/08\/20220902111643b88384ee0b48455783a8ec4213cbc5b9-300x52.jpg 300w, https:\/\/www.plasticfoodbags.com\/wp-content\/uploads\/2025\/08\/20220902111643b88384ee0b48455783a8ec4213cbc5b9-1024x178.jpg 1024w, https:\/\/www.plasticfoodbags.com\/wp-content\/uploads\/2025\/08\/20220902111643b88384ee0b48455783a8ec4213cbc5b9-768x134.jpg 768w, https:\/\/www.plasticfoodbags.com\/wp-content\/uploads\/2025\/08\/20220902111643b88384ee0b48455783a8ec4213cbc5b9-600x105.jpg 600w\" sizes=\"(max-width: 1200px) 100vw, 1200px\" \/>\t\t\t\t\t\t\t\t\t\t\t\t\t\t\t<\/div>\n\t\t\t\t<div class=\"elementor-element elementor-element-07f50ce elementor-widget elementor-widget-heading\" data-id=\"07f50ce\" data-element_type=\"widget\" data-e-type=\"widget\" data-widget_type=\"heading.default\">\n\t\t\t\t\t<h1 class=\"elementor-heading-title elementor-size-default\">Mercato di produzione<\/h1>\t\t\t\t<\/div>\n\t\t\t\t<div class=\"elementor-element elementor-element-468dc6f elementor-widget elementor-widget-text-editor\" data-id=\"468dc6f\" data-element_type=\"widget\" data-e-type=\"widget\" data-widget_type=\"text-editor.default\">\n\t\t\t\t\t\t\t\t\t<p>I nostri prodotti non solo guidano il mercato cinese, ma hanno anche clienti in tutto il mondo. Soprattutto negli Stati Uniti, Russia, Regno Unito, Danimarca, Francia, Australia, Sud America e Medio Oriente. La nostra azienda ha molti casi di collaborazione di successo in Nord America, e qualit\u00e0 ed efficacia sono ben accolti dai clienti. Il tasso complessivo di lode dell&#8217;azienda \u00e8 superiore al 95%. Il servizio professionale e il prezzo competitivo sono la filosofia aziendale a cui la nostra azienda aderisce. <\/p>\n\t\t\t\t\t\t\t\t<\/div>\n\t\t\t\t<div class=\"elementor-element elementor-element-ad5e046 elementor-widget elementor-widget-image\" data-id=\"ad5e046\" data-element_type=\"widget\" data-e-type=\"widget\" data-widget_type=\"image.default\">\n\t\t\t\t\t\t\t\t\t\t\t\t\t\t\t<img loading=\"lazy\" decoding=\"async\" width=\"750\" height=\"550\" src=\"https:\/\/www.plasticfoodbags.com\/wp-content\/uploads\/2025\/08\/202209021118588fd12354cd5f4480add3d3c87040ec96.jpg\" class=\"attachment-full size-full wp-image-28200\" alt=\"\" srcset=\"https:\/\/www.plasticfoodbags.com\/wp-content\/uploads\/2025\/08\/202209021118588fd12354cd5f4480add3d3c87040ec96.jpg 750w, https:\/\/www.plasticfoodbags.com\/wp-content\/uploads\/2025\/08\/202209021118588fd12354cd5f4480add3d3c87040ec96-300x220.jpg 300w, https:\/\/www.plasticfoodbags.com\/wp-content\/uploads\/2025\/08\/202209021118588fd12354cd5f4480add3d3c87040ec96-600x440.jpg 600w\" sizes=\"(max-width: 750px) 100vw, 750px\" \/>\t\t\t\t\t\t\t\t\t\t\t\t\t\t\t<\/div>\n\t\t\t\t<div class=\"elementor-element elementor-element-32b502c elementor-widget elementor-widget-heading\" data-id=\"32b502c\" data-element_type=\"widget\" data-e-type=\"widget\" data-widget_type=\"heading.default\">\n\t\t\t\t\t<h1 class=\"elementor-heading-title elementor-size-default\">Il nostro servizio<\/h1>\t\t\t\t<\/div>\n\t\t\t\t<div class=\"elementor-element elementor-element-42719aa elementor-widget elementor-widget-text-editor\" data-id=\"42719aa\" data-element_type=\"widget\" data-e-type=\"widget\" data-widget_type=\"text-editor.default\">\n\t\t\t\t\t\t\t\t\t<p>Pre-vendita: Il nostro staff di assistenza clienti professionalmente formato ti fornir\u00e0 consulenza professionale 24 ore su 24 e ti dar\u00e0 una risposta entro 2 ore. Ti forniremo consulenza professionale, informazioni dettagliate, preventivi ragionevoli e cos\u00ec via. Il nostro staff di vendita ti presenter\u00e0 le funzioni, i colori, i dettagli, ecc. dei prodotti di cui hai bisogno e risponder\u00e0 anche a una serie di domande sui prodotti, cos\u00ec da poter comprendere appieno le informazioni sul prodotto. Dopo l&#8217;acquisto del prodotto, la nostra azienda ti contatter\u00e0 con i tempi di consegna e i requisiti; in caso di circostanze particolari, spediremo entro 7 giorni. <\/p>\n<p>In-sale: Firmeremo un contratto unificato e un accordo tecnico, e rispetteremo consapevolmente le disposizioni del contratto per garantire il progresso fluido della cooperazione. Ci impegniamo a fornirti prodotti di qualit\u00e0 e a utilizzare il metodo di spedizione migliore per le tue esigenze, per assicurarci che tu riceva il prodotto in condizioni perfette. Rispettiamo le disposizioni dei clienti e forniamo agli utenti un supporto tecnico attento. Vi forniremo servizi di produzione, ispezione di qualit\u00e0, formazione e altri servizi in conformit\u00e0 con le disposizioni del contratto. Indipendentemente dalla dimensione dell&#8217;ordine, tutti i clienti sono equi in termini di prezzo e servizio. <\/p>\n<p>Post-vendita: Non devi preoccuparti affatto della qualit\u00e0 del prodotto. Di solito il periodo di garanzia del prodotto \u00e8 di sei mesi e manteniamo il prodotto per te per tutta la vita. Durante il periodo di garanzia, ripareremo e sostituiremo gratuitamente i pezzi danneggiati causati da problemi di qualit\u00e0. Se ricevi un prodotto con problemi di qualit\u00e0, supportiamo la sostituzione o il rimborso. Noi aderiamo sempre alla &#8220;ricerca di alta qualit\u00e0, la soddisfazione del cliente \u00e8 il nostro scopo&#8221;. <\/p>\n\t\t\t\t\t\t\t\t<\/div>\n\t\t\t\t<div class=\"elementor-element elementor-element-b4e3b3c elementor-widget elementor-widget-image\" data-id=\"b4e3b3c\" data-element_type=\"widget\" data-e-type=\"widget\" data-widget_type=\"image.default\">\n\t\t\t\t\t\t\t\t\t\t\t\t\t\t\t<img loading=\"lazy\" decoding=\"async\" width=\"1214\" height=\"592\" src=\"https:\/\/www.plasticfoodbags.com\/wp-content\/uploads\/2025\/08\/202209021119525915049196354f91aae49b550dca2fe5.jpg\" class=\"attachment-full size-full wp-image-28214\" alt=\"\" srcset=\"https:\/\/www.plasticfoodbags.com\/wp-content\/uploads\/2025\/08\/202209021119525915049196354f91aae49b550dca2fe5.jpg 1214w, https:\/\/www.plasticfoodbags.com\/wp-content\/uploads\/2025\/08\/202209021119525915049196354f91aae49b550dca2fe5-300x146.jpg 300w, https:\/\/www.plasticfoodbags.com\/wp-content\/uploads\/2025\/08\/202209021119525915049196354f91aae49b550dca2fe5-1024x499.jpg 1024w, https:\/\/www.plasticfoodbags.com\/wp-content\/uploads\/2025\/08\/202209021119525915049196354f91aae49b550dca2fe5-768x375.jpg 768w, https:\/\/www.plasticfoodbags.com\/wp-content\/uploads\/2025\/08\/202209021119525915049196354f91aae49b550dca2fe5-600x293.jpg 600w\" sizes=\"(max-width: 1214px) 100vw, 1214px\" \/>\t\t\t\t\t\t\t\t\t\t\t\t\t\t\t<\/div>\n\t\t\t\t<\/div>\n\t\t\t\t<\/div>\n\t\t","protected":false},"excerpt":{"rendered":"<p>La nostra storia La nostra azienda \u00e8 stata fondata a Qingdao, provincia dello Shandong, Cina, specializzandosi nella produzione di prodotti della serie di tende, in particolare tapparelle a rulli, tapparelle zebra, tapparelle verticali, tapparelle a nido d&#8217;ape, tapparelle veneziane e cos\u00ec via. La nostra azienda ha una storia di diciassette anni e una ricca esperienza [&hellip;]<\/p>\n","protected":false},"author":1,"featured_media":0,"parent":0,"menu_order":0,"comment_status":"closed","ping_status":"closed","template":"","meta":{"footnotes":""},"class_list":["post-38389","page","type-page","status-publish","hentry"],"_links":{"self":[{"href":"https:\/\/www.plasticfoodbags.com\/it\/wp-json\/wp\/v2\/pages\/38389","targetHints":{"allow":["GET"]}}],"collection":[{"href":"https:\/\/www.plasticfoodbags.com\/it\/wp-json\/wp\/v2\/pages"}],"about":[{"href":"https:\/\/www.plasticfoodbags.com\/it\/wp-json\/wp\/v2\/types\/page"}],"author":[{"embeddable":true,"href":"https:\/\/www.plasticfoodbags.com\/it\/wp-json\/wp\/v2\/users\/1"}],"replies":[{"embeddable":true,"href":"https:\/\/www.plasticfoodbags.com\/it\/wp-json\/wp\/v2\/comments?post=38389"}],"version-history":[{"count":0,"href":"https:\/\/www.plasticfoodbags.com\/it\/wp-json\/wp\/v2\/pages\/38389\/revisions"}],"wp:attachment":[{"href":"https:\/\/www.plasticfoodbags.com\/it\/wp-json\/wp\/v2\/media?parent=38389"}],"curies":[{"name":"wp","href":"https:\/\/api.w.org\/{rel}","templated":true}]}}