{"id":38385,"date":"2025-01-09T14:20:20","date_gmt":"2025-01-09T14:20:20","guid":{"rendered":"https:\/\/www.plasticfoodbags.com\/sobre-nos\/"},"modified":"2026-02-28T02:44:44","modified_gmt":"2026-02-28T02:44:44","slug":"sobre-nos","status":"publish","type":"page","link":"https:\/\/www.plasticfoodbags.com\/pt-pt\/sobre-nos\/","title":{"rendered":"Sobre N\u00f3s"},"content":{"rendered":"\t\t<div data-elementor-type=\"wp-page\" data-elementor-id=\"38385\" class=\"elementor elementor-38385 elementor-102\" data-elementor-post-type=\"page\">\n\t\t\t\t<div class=\"elementor-element elementor-element-926009d e-flex e-con-boxed e-con e-parent\" data-id=\"926009d\" data-element_type=\"container\" data-e-type=\"container\">\n\t\t\t\t\t<div class=\"e-con-inner\">\n\t\t\t\t<div class=\"elementor-element elementor-element-432366c elementor-widget elementor-widget-image\" data-id=\"432366c\" data-element_type=\"widget\" data-e-type=\"widget\" data-widget_type=\"image.default\">\n\t\t\t\t\t\t\t\t\t\t\t\t\t\t\t<img fetchpriority=\"high\" decoding=\"async\" width=\"1920\" height=\"301\" src=\"https:\/\/www.plasticfoodbags.com\/wp-content\/uploads\/2025\/08\/banner.jpg\" class=\"attachment-full size-full wp-image-27393\" alt=\"\" srcset=\"https:\/\/www.plasticfoodbags.com\/wp-content\/uploads\/2025\/08\/banner.jpg 1920w, https:\/\/www.plasticfoodbags.com\/wp-content\/uploads\/2025\/08\/banner-300x47.jpg 300w, https:\/\/www.plasticfoodbags.com\/wp-content\/uploads\/2025\/08\/banner-1024x161.jpg 1024w, https:\/\/www.plasticfoodbags.com\/wp-content\/uploads\/2025\/08\/banner-768x120.jpg 768w, https:\/\/www.plasticfoodbags.com\/wp-content\/uploads\/2025\/08\/banner-1536x241.jpg 1536w, https:\/\/www.plasticfoodbags.com\/wp-content\/uploads\/2025\/08\/banner-600x94.jpg 600w\" sizes=\"(max-width: 1920px) 100vw, 1920px\" \/>\t\t\t\t\t\t\t\t\t\t\t\t\t\t\t<\/div>\n\t\t\t\t\t<\/div>\n\t\t\t\t<\/div>\n\t\t<div class=\"elementor-element elementor-element-1317c08f e-con-full e-flex e-con e-parent\" data-id=\"1317c08f\" data-element_type=\"container\" data-e-type=\"container\">\n\t\t\t\t<div class=\"elementor-element elementor-element-fe05fbf elementor-widget elementor-widget-heading\" data-id=\"fe05fbf\" data-element_type=\"widget\" data-e-type=\"widget\" data-widget_type=\"heading.default\">\n\t\t\t\t\t<h1 class=\"elementor-heading-title elementor-size-default\">A Nossa Hist\u00f3ria<\/h1>\t\t\t\t<\/div>\n\t\t\t\t<div class=\"elementor-element elementor-element-50e3230 elementor-widget elementor-widget-text-editor\" data-id=\"50e3230\" data-element_type=\"widget\" data-e-type=\"widget\" data-widget_type=\"text-editor.default\">\n\t\t\t\t\t\t\t\t\t<p>A nossa empresa foi estabelecida em Qingdao, prov\u00edncia de Shandong, China, especializada na produ\u00e7\u00e3o de produtos da s\u00e9rie de persianas, especialmente estores de rolo, estores zebra, verticais, estores em favo de mel, estores venezianos, entre outros. A nossa empresa tem uma hist\u00f3ria de dezassete anos e uma vasta experi\u00eancia em design, produ\u00e7\u00e3o, vendas, inspe\u00e7\u00e3o de qualidade, p\u00f3s-venda e outros servi\u00e7os. Aceitamos ODM e OEM. Se tiver necessidades de design, uma equipa profissional de design pode fornecer-lhe servi\u00e7os. A nossa equipa de design \u00e9 experiente e consegue desenhar de acordo com as necessidades da cena, como quartos, escolas, caf\u00e9s, restaurantes, escrit\u00f3rios, etc. As nossas amostras s\u00e3o muito favor\u00e1veis, e o pre\u00e7o do produto tamb\u00e9m pode ser descontado de acordo com a quantidade encomendada pelo cliente. Apoiamos os clientes a especificar expresso, seja mar\u00edtimo, a\u00e9reo ou terrestre, pode escolher. Desde a sua abertura, a nossa empresa tem vindo a desenvolver continuamente o mercado com o seu conceito de design \u00fanico, tecnologia de produ\u00e7\u00e3o soberba, servi\u00e7o entusiasta e servi\u00e7o p\u00f3s-venda ponderado, tendo conquistado amplo reconhecimento dos clientes. <\/p>\n\t\t\t\t\t\t\t\t<\/div>\n\t\t\t\t<div class=\"elementor-element elementor-element-27f2589 elementor-widget elementor-widget-image\" data-id=\"27f2589\" data-element_type=\"widget\" data-e-type=\"widget\" data-widget_type=\"image.default\">\n\t\t\t\t\t\t\t\t\t\t\t\t\t\t\t<img decoding=\"async\" width=\"750\" height=\"486\" src=\"https:\/\/www.plasticfoodbags.com\/wp-content\/uploads\/2025\/08\/Our-History.jpg\" class=\"attachment-full size-full wp-image-27420\" alt=\"\" srcset=\"https:\/\/www.plasticfoodbags.com\/wp-content\/uploads\/2025\/08\/Our-History.jpg 750w, https:\/\/www.plasticfoodbags.com\/wp-content\/uploads\/2025\/08\/Our-History-300x194.jpg 300w, https:\/\/www.plasticfoodbags.com\/wp-content\/uploads\/2025\/08\/Our-History-600x389.jpg 600w\" sizes=\"(max-width: 750px) 100vw, 750px\" \/>\t\t\t\t\t\t\t\t\t\t\t\t\t\t\t<\/div>\n\t\t\t\t<div class=\"elementor-element elementor-element-6563e49 elementor-widget elementor-widget-heading\" data-id=\"6563e49\" data-element_type=\"widget\" data-e-type=\"widget\" data-widget_type=\"heading.default\">\n\t\t\t\t\t<h1 class=\"elementor-heading-title elementor-size-default\">A Nossa F\u00e1brica<\/h1>\t\t\t\t<\/div>\n\t\t\t\t<div class=\"elementor-element elementor-element-9b75098 elementor-widget elementor-widget-text-editor\" data-id=\"9b75098\" data-element_type=\"widget\" data-e-type=\"widget\" data-widget_type=\"text-editor.default\">\n\t\t\t\t\t\t\t\t\t<p>A nossa f\u00e1brica foi fundada no in\u00edcio do s\u00e9culo XX, localizada em Qingdao, Shandong. Somos a f\u00e1brica de origem com centenas de operadores qualificados e uma oficina de produ\u00e7\u00e3o com mais de 3.000 metros quadrados. Uma s\u00e9rie de equipamentos de automa\u00e7\u00e3o el\u00e9trica recentemente atualizados, os produtos de produ\u00e7\u00e3o s\u00e3o finos e bonitos, e a efici\u00eancia \u00e9 muito elevada. Dezenas de linhas de produ\u00e7\u00e3o trabalham 24 horas por dia, e a qualidade e a quantidade de produ\u00e7\u00e3o andam de m\u00e3os dadas. H\u00e1 muitos talentos de primeira classe na nossa f\u00e1brica, depois de anos de experi\u00eancia. Eles fornecem-lhe a tecnologia e os servi\u00e7os mais profissionais gra\u00e7as ao esp\u00edrito de explora\u00e7\u00e3o tecnol\u00f3gica. <\/p>\n\t\t\t\t\t\t\t\t<\/div>\n\t\t\t\t<div class=\"elementor-element elementor-element-c3f953a elementor-widget elementor-widget-image\" data-id=\"c3f953a\" data-element_type=\"widget\" data-e-type=\"widget\" data-widget_type=\"image.default\">\n\t\t\t\t\t\t\t\t\t\t\t\t\t\t\t<img decoding=\"async\" width=\"750\" height=\"750\" src=\"https:\/\/www.plasticfoodbags.com\/wp-content\/uploads\/2025\/08\/Our-Factory.jpg\" class=\"attachment-full size-full wp-image-27434\" alt=\"\" srcset=\"https:\/\/www.plasticfoodbags.com\/wp-content\/uploads\/2025\/08\/Our-Factory.jpg 750w, https:\/\/www.plasticfoodbags.com\/wp-content\/uploads\/2025\/08\/Our-Factory-300x300.jpg 300w, https:\/\/www.plasticfoodbags.com\/wp-content\/uploads\/2025\/08\/Our-Factory-150x150.jpg 150w, https:\/\/www.plasticfoodbags.com\/wp-content\/uploads\/2025\/08\/Our-Factory-600x600.jpg 600w, https:\/\/www.plasticfoodbags.com\/wp-content\/uploads\/2025\/08\/Our-Factory-100x100.jpg 100w\" sizes=\"(max-width: 750px) 100vw, 750px\" \/>\t\t\t\t\t\t\t\t\t\t\t\t\t\t\t<\/div>\n\t\t\t\t<div class=\"elementor-element elementor-element-4ff0d31 elementor-widget elementor-widget-heading\" data-id=\"4ff0d31\" data-element_type=\"widget\" data-e-type=\"widget\" data-widget_type=\"heading.default\">\n\t\t\t\t\t<h1 class=\"elementor-heading-title elementor-size-default\">O Nosso Produto<\/h1>\t\t\t\t<\/div>\n\t\t\t\t<div class=\"elementor-element elementor-element-778b3fd elementor-widget elementor-widget-text-editor\" data-id=\"778b3fd\" data-element_type=\"widget\" data-e-type=\"widget\" data-widget_type=\"text-editor.default\">\n\t\t\t\t\t\t\t\t\t<p>Os nossos produtos incluem principalmente persianas de rolo, persianas em favo de mel, persianas verticais e persianas venezianas. Entre elas, podem ser produzidas persianas zebra, persianas Shangri-La, persianas hanas, persianas Roma, etc. <\/p>\n\t\t\t\t\t\t\t\t<\/div>\n\t\t\t\t<div class=\"elementor-element elementor-element-844cce3 elementor-widget elementor-widget-image\" data-id=\"844cce3\" data-element_type=\"widget\" data-e-type=\"widget\" data-widget_type=\"image.default\">\n\t\t\t\t\t\t\t\t\t\t\t\t\t\t\t<img loading=\"lazy\" decoding=\"async\" width=\"750\" height=\"750\" src=\"https:\/\/www.plasticfoodbags.com\/wp-content\/uploads\/2025\/08\/Our-Product.jpg\" class=\"attachment-full size-full wp-image-27448\" alt=\"\" srcset=\"https:\/\/www.plasticfoodbags.com\/wp-content\/uploads\/2025\/08\/Our-Product.jpg 750w, https:\/\/www.plasticfoodbags.com\/wp-content\/uploads\/2025\/08\/Our-Product-300x300.jpg 300w, https:\/\/www.plasticfoodbags.com\/wp-content\/uploads\/2025\/08\/Our-Product-150x150.jpg 150w, https:\/\/www.plasticfoodbags.com\/wp-content\/uploads\/2025\/08\/Our-Product-600x600.jpg 600w, https:\/\/www.plasticfoodbags.com\/wp-content\/uploads\/2025\/08\/Our-Product-100x100.jpg 100w\" sizes=\"(max-width: 750px) 100vw, 750px\" \/>\t\t\t\t\t\t\t\t\t\t\t\t\t\t\t<\/div>\n\t\t\t\t<div class=\"elementor-element elementor-element-1259e13 elementor-widget elementor-widget-heading\" data-id=\"1259e13\" data-element_type=\"widget\" data-e-type=\"widget\" data-widget_type=\"heading.default\">\n\t\t\t\t\t<h1 class=\"elementor-heading-title elementor-size-default\">Aplica\u00e7\u00e3o do Produto<\/h1>\t\t\t\t<\/div>\n\t\t\t\t<div class=\"elementor-element elementor-element-f87a04a elementor-widget elementor-widget-text-editor\" data-id=\"f87a04a\" data-element_type=\"widget\" data-e-type=\"widget\" data-widget_type=\"text-editor.default\">\n\t\t\t\t\t\t\t\t\t<p>As persianas venezianas s\u00e3o amplamente utilizadas em v\u00e1rios cen\u00e1rios de vida, como escrit\u00f3rios, hot\u00e9is, quartos, casas de banho, cozinhas, caf\u00e9s, escolas, hospitais, etc. A luz pode ser controlada ajustando o \u00e2ngulo das persianas para responder \u00e0s necessidades de diferentes ocasi\u00f5es. Ao mesmo tempo, de acordo com diferentes materiais, pode escolher sombreamento completo, semi-sombreado ou sem sombreamento. As persianas t\u00eam uma variedade de materiais, e a particularidade do material torna-as imperme\u00e1veis, \u00e0 prova de \u00f3leo e ao fogo, sendo f\u00e1cil de limpar, sendo muito adequadas para instala\u00e7\u00e3o em qualquer ocasi\u00e3o. O produto \u00e9 belo no seu todo e tamb\u00e9m pode alcan\u00e7ar um bom efeito decorativo. <\/p>\n\t\t\t\t\t\t\t\t<\/div>\n\t\t\t\t<div class=\"elementor-element elementor-element-ae0b979 elementor-widget elementor-widget-image\" data-id=\"ae0b979\" data-element_type=\"widget\" data-e-type=\"widget\" data-widget_type=\"image.default\">\n\t\t\t\t\t\t\t\t\t\t\t\t\t\t\t<img loading=\"lazy\" decoding=\"async\" width=\"1200\" height=\"1126\" src=\"https:\/\/www.plasticfoodbags.com\/wp-content\/uploads\/2025\/08\/20220902110632cfab675400614970993774b21d502c94.jpg\" class=\"attachment-full size-full wp-image-28162\" alt=\"\" srcset=\"https:\/\/www.plasticfoodbags.com\/wp-content\/uploads\/2025\/08\/20220902110632cfab675400614970993774b21d502c94.jpg 1200w, https:\/\/www.plasticfoodbags.com\/wp-content\/uploads\/2025\/08\/20220902110632cfab675400614970993774b21d502c94-300x282.jpg 300w, https:\/\/www.plasticfoodbags.com\/wp-content\/uploads\/2025\/08\/20220902110632cfab675400614970993774b21d502c94-1024x961.jpg 1024w, https:\/\/www.plasticfoodbags.com\/wp-content\/uploads\/2025\/08\/20220902110632cfab675400614970993774b21d502c94-768x721.jpg 768w, https:\/\/www.plasticfoodbags.com\/wp-content\/uploads\/2025\/08\/20220902110632cfab675400614970993774b21d502c94-600x563.jpg 600w\" sizes=\"(max-width: 1200px) 100vw, 1200px\" \/>\t\t\t\t\t\t\t\t\t\t\t\t\t\t\t<\/div>\n\t\t\t\t<div class=\"elementor-element elementor-element-62bb7f8 elementor-widget elementor-widget-heading\" data-id=\"62bb7f8\" data-element_type=\"widget\" data-e-type=\"widget\" data-widget_type=\"heading.default\">\n\t\t\t\t\t<h1 class=\"elementor-heading-title elementor-size-default\">O nosso Certificado<\/h1>\t\t\t\t<\/div>\n\t\t\t\t<div class=\"elementor-element elementor-element-3e3d155 elementor-widget elementor-widget-text-editor\" data-id=\"3e3d155\" data-element_type=\"widget\" data-e-type=\"widget\" data-widget_type=\"text-editor.default\">\n\t\t\t\t\t\t\t\t\t<p>Para tecidos e produtos acabados, obtivemos quase todas as certifica\u00e7\u00f5es, como SGS, BV, OEKO TEX 100, etc. E os nossos produtos j\u00e1 passaram ISO14001 e IS09001 certifica\u00e7\u00e3o. Focamo-nos na qualidade dos nossos produtos e estamos comprometidos em cumprir os padr\u00f5es internacionais. Temos mais de 1000 autoriza\u00e7\u00f5es de projeto todos os anos, protegendo os interesses de cada cliente. <\/p>\n\t\t\t\t\t\t\t\t<\/div>\n\t\t\t\t<div class=\"elementor-element elementor-element-4ec5956 elementor-widget elementor-widget-image\" data-id=\"4ec5956\" data-element_type=\"widget\" data-e-type=\"widget\" data-widget_type=\"image.default\">\n\t\t\t\t\t\t\t\t\t\t\t\t\t\t\t<img loading=\"lazy\" decoding=\"async\" width=\"1200\" height=\"534\" src=\"https:\/\/www.plasticfoodbags.com\/wp-content\/uploads\/2025\/08\/20220902111341047d64879dea452aa9517dc49cd1299b.jpg\" class=\"attachment-full size-full wp-image-28176\" alt=\"\" srcset=\"https:\/\/www.plasticfoodbags.com\/wp-content\/uploads\/2025\/08\/20220902111341047d64879dea452aa9517dc49cd1299b.jpg 1200w, https:\/\/www.plasticfoodbags.com\/wp-content\/uploads\/2025\/08\/20220902111341047d64879dea452aa9517dc49cd1299b-300x134.jpg 300w, https:\/\/www.plasticfoodbags.com\/wp-content\/uploads\/2025\/08\/20220902111341047d64879dea452aa9517dc49cd1299b-1024x456.jpg 1024w, https:\/\/www.plasticfoodbags.com\/wp-content\/uploads\/2025\/08\/20220902111341047d64879dea452aa9517dc49cd1299b-768x342.jpg 768w, https:\/\/www.plasticfoodbags.com\/wp-content\/uploads\/2025\/08\/20220902111341047d64879dea452aa9517dc49cd1299b-600x267.jpg 600w\" sizes=\"(max-width: 1200px) 100vw, 1200px\" \/>\t\t\t\t\t\t\t\t\t\t\t\t\t\t\t<\/div>\n\t\t\t\t<div class=\"elementor-element elementor-element-2defeaf elementor-widget elementor-widget-heading\" data-id=\"2defeaf\" data-element_type=\"widget\" data-e-type=\"widget\" data-widget_type=\"heading.default\">\n\t\t\t\t\t<h1 class=\"elementor-heading-title elementor-size-default\">Equipamento de Produ\u00e7\u00e3o<\/h1>\t\t\t\t<\/div>\n\t\t\t\t<div class=\"elementor-element elementor-element-4dcb5e8 elementor-widget elementor-widget-text-editor\" data-id=\"4dcb5e8\" data-element_type=\"widget\" data-e-type=\"widget\" data-widget_type=\"text-editor.default\">\n\t\t\t\t\t\t\t\t\t<p>Temos equipamento de produ\u00e7\u00e3o recentemente atualizado e aprimorado, cada equipamento passou por uma rigorosa inspe\u00e7\u00e3o de qualidade, e esfor\u00e7amo-nos por produzir persianas requintadas. O nosso equipamento de produ\u00e7\u00e3o inclui serra de corte de componentes, m\u00e1quina de entalhe de persiana, m\u00e1quina de grampos para pregos, m\u00e1quina de furos para rato, m\u00e1quina de furos magn\u00e9ticos, m\u00e1quina de apertar pain\u00e9is, m\u00e1quina para quadros angulares, m\u00e1quina para furos Huffman, m\u00e1quina em forma de carril, m\u00e1quina de furos para estilos, etc. Entre elas, o Tenoner ectangular e o Mortiser de Oscila\u00e7\u00e3o s\u00e3o duas m\u00e1quinas que cooperam entre si: o Tenoner Retangular molda os carris e o Mortiser de Oscila\u00e7\u00e3o molda os montantes, numa estrutura falc\u00e3o, para que o carril possa encaixar firmemente no montante e ser instalado em conjunto. O equipamento de produ\u00e7\u00e3o, aliado a operadores experientes, garante em dobro a qualidade dos produtos. <\/p>\n\t\t\t\t\t\t\t\t<\/div>\n\t\t\t\t<div class=\"elementor-element elementor-element-c35df28 elementor-widget elementor-widget-image\" data-id=\"c35df28\" data-element_type=\"widget\" data-e-type=\"widget\" data-widget_type=\"image.default\">\n\t\t\t\t\t\t\t\t\t\t\t\t\t\t\t<img loading=\"lazy\" decoding=\"async\" width=\"1200\" height=\"209\" src=\"https:\/\/www.plasticfoodbags.com\/wp-content\/uploads\/2025\/08\/20220902111643b88384ee0b48455783a8ec4213cbc5b9.jpg\" class=\"attachment-full size-full wp-image-28190\" alt=\"\" srcset=\"https:\/\/www.plasticfoodbags.com\/wp-content\/uploads\/2025\/08\/20220902111643b88384ee0b48455783a8ec4213cbc5b9.jpg 1200w, https:\/\/www.plasticfoodbags.com\/wp-content\/uploads\/2025\/08\/20220902111643b88384ee0b48455783a8ec4213cbc5b9-300x52.jpg 300w, https:\/\/www.plasticfoodbags.com\/wp-content\/uploads\/2025\/08\/20220902111643b88384ee0b48455783a8ec4213cbc5b9-1024x178.jpg 1024w, https:\/\/www.plasticfoodbags.com\/wp-content\/uploads\/2025\/08\/20220902111643b88384ee0b48455783a8ec4213cbc5b9-768x134.jpg 768w, https:\/\/www.plasticfoodbags.com\/wp-content\/uploads\/2025\/08\/20220902111643b88384ee0b48455783a8ec4213cbc5b9-600x105.jpg 600w\" sizes=\"(max-width: 1200px) 100vw, 1200px\" \/>\t\t\t\t\t\t\t\t\t\t\t\t\t\t\t<\/div>\n\t\t\t\t<div class=\"elementor-element elementor-element-07f50ce elementor-widget elementor-widget-heading\" data-id=\"07f50ce\" data-element_type=\"widget\" data-e-type=\"widget\" data-widget_type=\"heading.default\">\n\t\t\t\t\t<h1 class=\"elementor-heading-title elementor-size-default\">Mercado de Produ\u00e7\u00e3o<\/h1>\t\t\t\t<\/div>\n\t\t\t\t<div class=\"elementor-element elementor-element-468dc6f elementor-widget elementor-widget-text-editor\" data-id=\"468dc6f\" data-element_type=\"widget\" data-e-type=\"widget\" data-widget_type=\"text-editor.default\">\n\t\t\t\t\t\t\t\t\t<p>Os nossos produtos n\u00e3o s\u00f3 lideram o mercado chin\u00eas, como tamb\u00e9m t\u00eam clientes em todo o mundo. Especialmente os EUA, R\u00fassia, Reino Unido, Dinamarca, Fran\u00e7a, Austr\u00e1lia, Am\u00e9rica do Sul e M\u00e9dio Oriente. A nossa empresa tem muitos casos de coopera\u00e7\u00e3o bem-sucedidos na Am\u00e9rica do Norte, e a qualidade e o efeito s\u00e3o bem recebidos pelos clientes. A taxa global de elogios da empresa \u00e9 superior a 95%. O servi\u00e7o profissional e o pre\u00e7o competitivo s\u00e3o a filosofia de neg\u00f3cio que a nossa empresa segue. <\/p>\n\t\t\t\t\t\t\t\t<\/div>\n\t\t\t\t<div class=\"elementor-element elementor-element-ad5e046 elementor-widget elementor-widget-image\" data-id=\"ad5e046\" data-element_type=\"widget\" data-e-type=\"widget\" data-widget_type=\"image.default\">\n\t\t\t\t\t\t\t\t\t\t\t\t\t\t\t<img loading=\"lazy\" decoding=\"async\" width=\"750\" height=\"550\" src=\"https:\/\/www.plasticfoodbags.com\/wp-content\/uploads\/2025\/08\/202209021118588fd12354cd5f4480add3d3c87040ec96.jpg\" class=\"attachment-full size-full wp-image-28204\" alt=\"\" srcset=\"https:\/\/www.plasticfoodbags.com\/wp-content\/uploads\/2025\/08\/202209021118588fd12354cd5f4480add3d3c87040ec96.jpg 750w, https:\/\/www.plasticfoodbags.com\/wp-content\/uploads\/2025\/08\/202209021118588fd12354cd5f4480add3d3c87040ec96-300x220.jpg 300w, https:\/\/www.plasticfoodbags.com\/wp-content\/uploads\/2025\/08\/202209021118588fd12354cd5f4480add3d3c87040ec96-600x440.jpg 600w\" sizes=\"(max-width: 750px) 100vw, 750px\" \/>\t\t\t\t\t\t\t\t\t\t\t\t\t\t\t<\/div>\n\t\t\t\t<div class=\"elementor-element elementor-element-32b502c elementor-widget elementor-widget-heading\" data-id=\"32b502c\" data-element_type=\"widget\" data-e-type=\"widget\" data-widget_type=\"heading.default\">\n\t\t\t\t\t<h1 class=\"elementor-heading-title elementor-size-default\">O nosso servi\u00e7o<\/h1>\t\t\t\t<\/div>\n\t\t\t\t<div class=\"elementor-element elementor-element-42719aa elementor-widget elementor-widget-text-editor\" data-id=\"42719aa\" data-element_type=\"widget\" data-e-type=\"widget\" data-widget_type=\"text-editor.default\">\n\t\t\t\t\t\t\t\t\t<p>Pr\u00e9-venda: A nossa equipa de atendimento ao cliente profissionalmente treinada ir\u00e1 prestar-lhe uma consulta profissional 24 horas por dia e dar-lhe uma resposta dentro de 2 horas. Iremos fornecer-lhe aconselhamento profissional, informa\u00e7\u00f5es detalhadas, or\u00e7amento razo\u00e1vel, entre outros. A nossa equipa de vendas ir\u00e1 apresentar-lhe as fun\u00e7\u00f5es, cores, detalhes, etc. dos produtos de que necessita, e tamb\u00e9m responder a uma s\u00e9rie de perguntas sobre os produtos, para que possa compreender totalmente a informa\u00e7\u00e3o do produto. Ap\u00f3s a compra do produto, a nossa empresa ir\u00e1 contact\u00e1-lo com o prazo e os requisitos de entrega; se n\u00e3o existirem circunst\u00e2ncias especiais, enviaremos no prazo de 7 dias. <\/p>\n<p>In-sale: Assinaremos um contrato unificado e um acordo t\u00e9cnico, e cumpriremos conscientemente as disposi\u00e7\u00f5es do contrato para garantir o progresso tranquilo da coopera\u00e7\u00e3o. Esfor\u00e7amo-nos por lhe fornecer produtos de qualidade e usar o melhor m\u00e9todo de envio para as suas necessidades, garantindo que recebe o produto em perfeitas condi\u00e7\u00f5es. Respeitamos os acordos dos clientes e fornecemos aos utilizadores um suporte t\u00e9cnico ponderado. Iremos prestar-lhe servi\u00e7os de produ\u00e7\u00e3o, inspe\u00e7\u00e3o de qualidade, forma\u00e7\u00e3o e outros servi\u00e7os de acordo com as disposi\u00e7\u00f5es do contrato. Independentemente do tamanho da encomenda, todos os clientes s\u00e3o justos em termos de pre\u00e7o e servi\u00e7o. <\/p>\n<p>P\u00f3s-venda: N\u00e3o precisa de se preocupar com a qualidade do produto. Normalmente, o nosso per\u00edodo de garantia do produto \u00e9 de meio ano, e manteremos o produto para si ao longo da vida. Durante o per\u00edodo de garantia, repararemos e substituiremos gratuitamente as pe\u00e7as danificadas causadas por problemas de qualidade. Se receber um produto com problemas de qualidade, apoiamos a substitui\u00e7\u00e3o ou reembolso. Seguimos sempre o princ\u00edpio de &#8220;a busca por alta qualidade, a satisfa\u00e7\u00e3o do cliente \u00e9 o nosso objetivo&#8221;. <\/p>\n\t\t\t\t\t\t\t\t<\/div>\n\t\t\t\t<div class=\"elementor-element elementor-element-b4e3b3c elementor-widget elementor-widget-image\" data-id=\"b4e3b3c\" data-element_type=\"widget\" data-e-type=\"widget\" data-widget_type=\"image.default\">\n\t\t\t\t\t\t\t\t\t\t\t\t\t\t\t<img loading=\"lazy\" decoding=\"async\" width=\"1214\" height=\"592\" src=\"https:\/\/www.plasticfoodbags.com\/wp-content\/uploads\/2025\/08\/202209021119525915049196354f91aae49b550dca2fe5.jpg\" class=\"attachment-full size-full wp-image-28218\" alt=\"\" srcset=\"https:\/\/www.plasticfoodbags.com\/wp-content\/uploads\/2025\/08\/202209021119525915049196354f91aae49b550dca2fe5.jpg 1214w, https:\/\/www.plasticfoodbags.com\/wp-content\/uploads\/2025\/08\/202209021119525915049196354f91aae49b550dca2fe5-300x146.jpg 300w, https:\/\/www.plasticfoodbags.com\/wp-content\/uploads\/2025\/08\/202209021119525915049196354f91aae49b550dca2fe5-1024x499.jpg 1024w, https:\/\/www.plasticfoodbags.com\/wp-content\/uploads\/2025\/08\/202209021119525915049196354f91aae49b550dca2fe5-768x375.jpg 768w, https:\/\/www.plasticfoodbags.com\/wp-content\/uploads\/2025\/08\/202209021119525915049196354f91aae49b550dca2fe5-600x293.jpg 600w\" sizes=\"(max-width: 1214px) 100vw, 1214px\" \/>\t\t\t\t\t\t\t\t\t\t\t\t\t\t\t<\/div>\n\t\t\t\t<\/div>\n\t\t\t\t<\/div>\n\t\t","protected":false},"excerpt":{"rendered":"<p>A Nossa Hist\u00f3ria A nossa empresa foi estabelecida em Qingdao, prov\u00edncia de Shandong, China, especializada na produ\u00e7\u00e3o de produtos da s\u00e9rie de persianas, especialmente estores de rolo, estores zebra, verticais, estores em favo de mel, estores venezianos, entre outros. A nossa empresa tem uma hist\u00f3ria de dezassete anos e uma vasta experi\u00eancia em design, produ\u00e7\u00e3o, [&hellip;]<\/p>\n","protected":false},"author":1,"featured_media":0,"parent":0,"menu_order":0,"comment_status":"closed","ping_status":"closed","template":"","meta":{"footnotes":""},"class_list":["post-38385","page","type-page","status-publish","hentry"],"_links":{"self":[{"href":"https:\/\/www.plasticfoodbags.com\/pt-pt\/wp-json\/wp\/v2\/pages\/38385","targetHints":{"allow":["GET"]}}],"collection":[{"href":"https:\/\/www.plasticfoodbags.com\/pt-pt\/wp-json\/wp\/v2\/pages"}],"about":[{"href":"https:\/\/www.plasticfoodbags.com\/pt-pt\/wp-json\/wp\/v2\/types\/page"}],"author":[{"embeddable":true,"href":"https:\/\/www.plasticfoodbags.com\/pt-pt\/wp-json\/wp\/v2\/users\/1"}],"replies":[{"embeddable":true,"href":"https:\/\/www.plasticfoodbags.com\/pt-pt\/wp-json\/wp\/v2\/comments?post=38385"}],"version-history":[{"count":0,"href":"https:\/\/www.plasticfoodbags.com\/pt-pt\/wp-json\/wp\/v2\/pages\/38385\/revisions"}],"wp:attachment":[{"href":"https:\/\/www.plasticfoodbags.com\/pt-pt\/wp-json\/wp\/v2\/media?parent=38385"}],"curies":[{"name":"wp","href":"https:\/\/api.w.org\/{rel}","templated":true}]}}