{"id":38348,"date":"2025-01-09T14:20:20","date_gmt":"2025-01-09T14:20:20","guid":{"rendered":"https:\/\/www.plasticfoodbags.com\/hakkimizda\/"},"modified":"2026-02-28T02:42:28","modified_gmt":"2026-02-28T02:42:28","slug":"hakkimizda","status":"publish","type":"page","link":"https:\/\/www.plasticfoodbags.com\/tr\/hakkimizda\/","title":{"rendered":"Hakk\u0131m\u0131zda"},"content":{"rendered":"\t\t<div data-elementor-type=\"wp-page\" data-elementor-id=\"38348\" class=\"elementor elementor-38348 elementor-102\" data-elementor-post-type=\"page\">\n\t\t\t\t<div class=\"elementor-element elementor-element-926009d e-flex e-con-boxed e-con e-parent\" data-id=\"926009d\" data-element_type=\"container\" data-e-type=\"container\">\n\t\t\t\t\t<div class=\"e-con-inner\">\n\t\t\t\t<div class=\"elementor-element elementor-element-432366c elementor-widget elementor-widget-image\" data-id=\"432366c\" data-element_type=\"widget\" data-e-type=\"widget\" data-widget_type=\"image.default\">\n\t\t\t\t\t\t\t\t\t\t\t\t\t\t\t<img fetchpriority=\"high\" decoding=\"async\" width=\"1920\" height=\"301\" src=\"https:\/\/www.plasticfoodbags.com\/wp-content\/uploads\/2025\/08\/banner.jpg\" class=\"attachment-full size-full wp-image-27397\" alt=\"\" srcset=\"https:\/\/www.plasticfoodbags.com\/wp-content\/uploads\/2025\/08\/banner.jpg 1920w, https:\/\/www.plasticfoodbags.com\/wp-content\/uploads\/2025\/08\/banner-300x47.jpg 300w, https:\/\/www.plasticfoodbags.com\/wp-content\/uploads\/2025\/08\/banner-1024x161.jpg 1024w, https:\/\/www.plasticfoodbags.com\/wp-content\/uploads\/2025\/08\/banner-768x120.jpg 768w, https:\/\/www.plasticfoodbags.com\/wp-content\/uploads\/2025\/08\/banner-1536x241.jpg 1536w, https:\/\/www.plasticfoodbags.com\/wp-content\/uploads\/2025\/08\/banner-600x94.jpg 600w\" sizes=\"(max-width: 1920px) 100vw, 1920px\" \/>\t\t\t\t\t\t\t\t\t\t\t\t\t\t\t<\/div>\n\t\t\t\t\t<\/div>\n\t\t\t\t<\/div>\n\t\t<div class=\"elementor-element elementor-element-1317c08f e-con-full e-flex e-con e-parent\" data-id=\"1317c08f\" data-element_type=\"container\" data-e-type=\"container\">\n\t\t\t\t<div class=\"elementor-element elementor-element-fe05fbf elementor-widget elementor-widget-heading\" data-id=\"fe05fbf\" data-element_type=\"widget\" data-e-type=\"widget\" data-widget_type=\"heading.default\">\n\t\t\t\t\t<h1 class=\"elementor-heading-title elementor-size-default\">Tarihimiz<\/h1>\t\t\t\t<\/div>\n\t\t\t\t<div class=\"elementor-element elementor-element-50e3230 elementor-widget elementor-widget-text-editor\" data-id=\"50e3230\" data-element_type=\"widget\" data-e-type=\"widget\" data-widget_type=\"text-editor.default\">\n\t\t\t\t\t\t\t\t\t<p>\u015eirketimiz, \u00c7in&#8217;in Shandong Eyaleti, Qingdao&#8217;da kurulmu\u015ftur ve \u00f6zellikle roller blindler, zebra panjurlar\u0131, dikey perdeler, petek panjurlar\u0131, venedik panjurlar\u0131 gibi panjur serisi \u00fcr\u00fcnlerin \u00fcretiminde uzmanla\u015fm\u0131\u015ft\u0131r. \u015eirketimizin on yedi y\u0131ll\u0131k bir ge\u00e7mi\u015fi vard\u0131r ve tasar\u0131m, \u00fcretim, sat\u0131\u015f, kalite denetimi, sat\u0131\u015f sonras\u0131 ve di\u011fer hizmetlerde zengin deneyime sahiptir. ODM ve OEM kabul ediyoruz. Tasar\u0131m ihtiya\u00e7lar\u0131n\u0131z varsa, profesyonel bir tasar\u0131m ekibi size hizmet sunabilir. Tasar\u0131m ekibimiz deneyimlidir ve yatak odalar\u0131, okullar, kafeler, restoranlar, ofisler gibi mekanlar\u0131n ihtiya\u00e7lar\u0131na g\u00f6re tasar\u0131m yapabiliyor. Numunelerimiz \u00e7ok olumlu ve \u00fcr\u00fcn\u00fcn fiyat\u0131 m\u00fc\u015fterinin sipari\u015f etti\u011fi miktara g\u00f6re indirim yap\u0131labilir. M\u00fc\u015fterilere ekspres belirleme konusunda destek oluyoruz; ister deniz, ister hava, ister kara olsun, se\u00e7ebilirsiniz. A\u00e7\u0131l\u0131\u015f\u0131ndan bu yana, \u015firketimiz benzersiz tasar\u0131m konsepti, m\u00fckemmel \u00fcretim teknolojisi, co\u015fkulu hizmeti ve d\u00fc\u015f\u00fcnceli sat\u0131\u015f sonras\u0131 hizmetiyle pazar\u0131 s\u00fcrekli geli\u015ftiriyor ve m\u00fc\u015fteriler taraf\u0131ndan geni\u015f \u00e7apta tan\u0131nd\u0131. <\/p>\n\t\t\t\t\t\t\t\t<\/div>\n\t\t\t\t<div class=\"elementor-element elementor-element-27f2589 elementor-widget elementor-widget-image\" data-id=\"27f2589\" data-element_type=\"widget\" data-e-type=\"widget\" data-widget_type=\"image.default\">\n\t\t\t\t\t\t\t\t\t\t\t\t\t\t\t<img decoding=\"async\" width=\"750\" height=\"486\" src=\"https:\/\/www.plasticfoodbags.com\/wp-content\/uploads\/2025\/08\/Our-History.jpg\" class=\"attachment-full size-full wp-image-27424\" alt=\"\" srcset=\"https:\/\/www.plasticfoodbags.com\/wp-content\/uploads\/2025\/08\/Our-History.jpg 750w, https:\/\/www.plasticfoodbags.com\/wp-content\/uploads\/2025\/08\/Our-History-300x194.jpg 300w, https:\/\/www.plasticfoodbags.com\/wp-content\/uploads\/2025\/08\/Our-History-600x389.jpg 600w\" sizes=\"(max-width: 750px) 100vw, 750px\" \/>\t\t\t\t\t\t\t\t\t\t\t\t\t\t\t<\/div>\n\t\t\t\t<div class=\"elementor-element elementor-element-6563e49 elementor-widget elementor-widget-heading\" data-id=\"6563e49\" data-element_type=\"widget\" data-e-type=\"widget\" data-widget_type=\"heading.default\">\n\t\t\t\t\t<h1 class=\"elementor-heading-title elementor-size-default\">Fabrikam\u0131z<\/h1>\t\t\t\t<\/div>\n\t\t\t\t<div class=\"elementor-element elementor-element-9b75098 elementor-widget elementor-widget-text-editor\" data-id=\"9b75098\" data-element_type=\"widget\" data-e-type=\"widget\" data-widget_type=\"text-editor.default\">\n\t\t\t\t\t\t\t\t\t<p>Fabrikam\u0131z 20. y\u00fczy\u0131l\u0131n ba\u015f\u0131nda, Shandong, Qingdao&#8217;da kuruldu. Y\u00fczlerce yetenekli operat\u00f6re ve 3.000 metrekareden fazla bir \u00fcretim at\u00f6lyesine sahip kaynak fabrikas\u0131y\u0131z. Yeni y\u00fckseltilmi\u015f bir dizi elektrik otomasyon ekipman\u0131 ile \u00fcretim \u00fcr\u00fcnleri iyi ve g\u00fczel, verimlilik ise \u00e7ok y\u00fcksek. Onlarca \u00fcretim hatt\u0131 24 saat \u00e7al\u0131\u015f\u0131yor ve \u00fcretim kalitesi ile \u00fcretim miktar\u0131 el ele gidiyor. Fabrikam\u0131zda y\u0131llarca \u00e7al\u0131\u015fmadan sonra bir\u00e7ok birinci s\u0131n\u0131f yetenek var. Teknoloji ke\u015ffi ruhu sayesinde size en profesyonel teknoloji ve hizmetleri sunarlar. <\/p>\n\t\t\t\t\t\t\t\t<\/div>\n\t\t\t\t<div class=\"elementor-element elementor-element-c3f953a elementor-widget elementor-widget-image\" data-id=\"c3f953a\" data-element_type=\"widget\" data-e-type=\"widget\" data-widget_type=\"image.default\">\n\t\t\t\t\t\t\t\t\t\t\t\t\t\t\t<img decoding=\"async\" width=\"750\" height=\"750\" src=\"https:\/\/www.plasticfoodbags.com\/wp-content\/uploads\/2025\/08\/Our-Factory.jpg\" class=\"attachment-full size-full wp-image-27438\" alt=\"\" srcset=\"https:\/\/www.plasticfoodbags.com\/wp-content\/uploads\/2025\/08\/Our-Factory.jpg 750w, https:\/\/www.plasticfoodbags.com\/wp-content\/uploads\/2025\/08\/Our-Factory-300x300.jpg 300w, https:\/\/www.plasticfoodbags.com\/wp-content\/uploads\/2025\/08\/Our-Factory-150x150.jpg 150w, https:\/\/www.plasticfoodbags.com\/wp-content\/uploads\/2025\/08\/Our-Factory-600x600.jpg 600w, https:\/\/www.plasticfoodbags.com\/wp-content\/uploads\/2025\/08\/Our-Factory-100x100.jpg 100w\" sizes=\"(max-width: 750px) 100vw, 750px\" \/>\t\t\t\t\t\t\t\t\t\t\t\t\t\t\t<\/div>\n\t\t\t\t<div class=\"elementor-element elementor-element-4ff0d31 elementor-widget elementor-widget-heading\" data-id=\"4ff0d31\" data-element_type=\"widget\" data-e-type=\"widget\" data-widget_type=\"heading.default\">\n\t\t\t\t\t<h1 class=\"elementor-heading-title elementor-size-default\">\u00dcr\u00fcn\u00fcm\u00fcz<\/h1>\t\t\t\t<\/div>\n\t\t\t\t<div class=\"elementor-element elementor-element-778b3fd elementor-widget elementor-widget-text-editor\" data-id=\"778b3fd\" data-element_type=\"widget\" data-e-type=\"widget\" data-widget_type=\"text-editor.default\">\n\t\t\t\t\t\t\t\t\t<p>\u00dcr\u00fcnlerimizin ba\u015fl\u0131ca olarak roller blindler, bal pete\u011fi perdeleri, dikey perdeler ve venedik perdeleri yer almaktad\u0131r. Bunlar aras\u0131nda zebra perdeleri, Shangri-La panjurlar\u0131, hanas perdeleri, Roma perdeleri vb. \u00fcretilebilir. <\/p>\n\t\t\t\t\t\t\t\t<\/div>\n\t\t\t\t<div class=\"elementor-element elementor-element-844cce3 elementor-widget elementor-widget-image\" data-id=\"844cce3\" data-element_type=\"widget\" data-e-type=\"widget\" data-widget_type=\"image.default\">\n\t\t\t\t\t\t\t\t\t\t\t\t\t\t\t<img loading=\"lazy\" decoding=\"async\" width=\"750\" height=\"750\" src=\"https:\/\/www.plasticfoodbags.com\/wp-content\/uploads\/2025\/08\/Our-Product.jpg\" class=\"attachment-full size-full wp-image-27452\" alt=\"\" srcset=\"https:\/\/www.plasticfoodbags.com\/wp-content\/uploads\/2025\/08\/Our-Product.jpg 750w, https:\/\/www.plasticfoodbags.com\/wp-content\/uploads\/2025\/08\/Our-Product-300x300.jpg 300w, https:\/\/www.plasticfoodbags.com\/wp-content\/uploads\/2025\/08\/Our-Product-150x150.jpg 150w, https:\/\/www.plasticfoodbags.com\/wp-content\/uploads\/2025\/08\/Our-Product-600x600.jpg 600w, https:\/\/www.plasticfoodbags.com\/wp-content\/uploads\/2025\/08\/Our-Product-100x100.jpg 100w\" sizes=\"(max-width: 750px) 100vw, 750px\" \/>\t\t\t\t\t\t\t\t\t\t\t\t\t\t\t<\/div>\n\t\t\t\t<div class=\"elementor-element elementor-element-1259e13 elementor-widget elementor-widget-heading\" data-id=\"1259e13\" data-element_type=\"widget\" data-e-type=\"widget\" data-widget_type=\"heading.default\">\n\t\t\t\t\t<h1 class=\"elementor-heading-title elementor-size-default\">\u00dcr\u00fcn Uygulamas\u0131<\/h1>\t\t\t\t<\/div>\n\t\t\t\t<div class=\"elementor-element elementor-element-f87a04a elementor-widget elementor-widget-text-editor\" data-id=\"f87a04a\" data-element_type=\"widget\" data-e-type=\"widget\" data-widget_type=\"text-editor.default\">\n\t\t\t\t\t\t\t\t\t<p>Venedik perdeleri, ofisler, oteller, yatak odalar\u0131, banyolar, mutfaklar, kafeler, okullar, hastaneler gibi \u00e7e\u015fitli ya\u015fam senaryolar\u0131nda yayg\u0131n olarak kullan\u0131l\u0131r. I\u015f\u0131k, farkl\u0131 durumlara uygun \u015fekilde perdelerin a\u00e7\u0131s\u0131n\u0131 ayarlayarak kontrol edilebilir. Ayn\u0131 zamanda, farkl\u0131 malzemelere g\u00f6re tam g\u00f6lgeleme, yar\u0131 g\u00f6lgeleme veya g\u00f6lgesiz se\u00e7ene\u011fi se\u00e7ebilirsiniz. Jal\u00fczler \u00e7e\u015fitli malzemelere sahiptir ve malzemenin \u00f6zelli\u011fi onu suya dayan\u0131kl\u0131, ya\u011f ge\u00e7irmez ve yang\u0131na dayan\u0131kl\u0131 k\u0131lar; temizlenmesi kolayd\u0131r, bu y\u00fczden her t\u00fcrl\u00fc durumda kurulum i\u00e7in \u00e7ok uygundur. \u00dcr\u00fcn genel olarak g\u00fczeldir ve iyi bir dekoratif etki de elde edebilir. <\/p>\n\t\t\t\t\t\t\t\t<\/div>\n\t\t\t\t<div class=\"elementor-element elementor-element-ae0b979 elementor-widget elementor-widget-image\" data-id=\"ae0b979\" data-element_type=\"widget\" data-e-type=\"widget\" data-widget_type=\"image.default\">\n\t\t\t\t\t\t\t\t\t\t\t\t\t\t\t<img loading=\"lazy\" decoding=\"async\" width=\"1200\" height=\"1126\" src=\"https:\/\/www.plasticfoodbags.com\/wp-content\/uploads\/2025\/08\/20220902110632cfab675400614970993774b21d502c94.jpg\" class=\"attachment-full size-full wp-image-28166\" alt=\"\" srcset=\"https:\/\/www.plasticfoodbags.com\/wp-content\/uploads\/2025\/08\/20220902110632cfab675400614970993774b21d502c94.jpg 1200w, https:\/\/www.plasticfoodbags.com\/wp-content\/uploads\/2025\/08\/20220902110632cfab675400614970993774b21d502c94-300x282.jpg 300w, https:\/\/www.plasticfoodbags.com\/wp-content\/uploads\/2025\/08\/20220902110632cfab675400614970993774b21d502c94-1024x961.jpg 1024w, https:\/\/www.plasticfoodbags.com\/wp-content\/uploads\/2025\/08\/20220902110632cfab675400614970993774b21d502c94-768x721.jpg 768w, https:\/\/www.plasticfoodbags.com\/wp-content\/uploads\/2025\/08\/20220902110632cfab675400614970993774b21d502c94-600x563.jpg 600w\" sizes=\"(max-width: 1200px) 100vw, 1200px\" \/>\t\t\t\t\t\t\t\t\t\t\t\t\t\t\t<\/div>\n\t\t\t\t<div class=\"elementor-element elementor-element-62bb7f8 elementor-widget elementor-widget-heading\" data-id=\"62bb7f8\" data-element_type=\"widget\" data-e-type=\"widget\" data-widget_type=\"heading.default\">\n\t\t\t\t\t<h1 class=\"elementor-heading-title elementor-size-default\">Sertifikam\u0131z<\/h1>\t\t\t\t<\/div>\n\t\t\t\t<div class=\"elementor-element elementor-element-3e3d155 elementor-widget elementor-widget-text-editor\" data-id=\"3e3d155\" data-element_type=\"widget\" data-e-type=\"widget\" data-widget_type=\"text-editor.default\">\n\t\t\t\t\t\t\t\t\t<p>Kuma\u015flar ve bitmi\u015f \u00fcr\u00fcnler i\u00e7in SGS, BV, OEKO TEX 100 gibi neredeyse t\u00fcm sertifikalar\u0131 ald\u0131k. Ve \u00fcr\u00fcnlerimiz ISO14001 ve IS09001 sertifikalar\u0131ndan ge\u00e7ti. \u00dcr\u00fcnlerimizin kalitesine odaklan\u0131yoruz ve uluslararas\u0131 standartlara uymaya kararl\u0131y\u0131z. Her y\u0131l 1000&#8217;den fazla tasar\u0131m yetkisi var ve her m\u00fc\u015fterinin \u00e7\u0131karlar\u0131n\u0131 koruyoruz. <\/p>\n\t\t\t\t\t\t\t\t<\/div>\n\t\t\t\t<div class=\"elementor-element elementor-element-4ec5956 elementor-widget elementor-widget-image\" data-id=\"4ec5956\" data-element_type=\"widget\" data-e-type=\"widget\" data-widget_type=\"image.default\">\n\t\t\t\t\t\t\t\t\t\t\t\t\t\t\t<img loading=\"lazy\" decoding=\"async\" width=\"1200\" height=\"534\" src=\"https:\/\/www.plasticfoodbags.com\/wp-content\/uploads\/2025\/08\/20220902111341047d64879dea452aa9517dc49cd1299b.jpg\" class=\"attachment-full size-full wp-image-28180\" alt=\"\" srcset=\"https:\/\/www.plasticfoodbags.com\/wp-content\/uploads\/2025\/08\/20220902111341047d64879dea452aa9517dc49cd1299b.jpg 1200w, https:\/\/www.plasticfoodbags.com\/wp-content\/uploads\/2025\/08\/20220902111341047d64879dea452aa9517dc49cd1299b-300x134.jpg 300w, https:\/\/www.plasticfoodbags.com\/wp-content\/uploads\/2025\/08\/20220902111341047d64879dea452aa9517dc49cd1299b-1024x456.jpg 1024w, https:\/\/www.plasticfoodbags.com\/wp-content\/uploads\/2025\/08\/20220902111341047d64879dea452aa9517dc49cd1299b-768x342.jpg 768w, https:\/\/www.plasticfoodbags.com\/wp-content\/uploads\/2025\/08\/20220902111341047d64879dea452aa9517dc49cd1299b-600x267.jpg 600w\" sizes=\"(max-width: 1200px) 100vw, 1200px\" \/>\t\t\t\t\t\t\t\t\t\t\t\t\t\t\t<\/div>\n\t\t\t\t<div class=\"elementor-element elementor-element-2defeaf elementor-widget elementor-widget-heading\" data-id=\"2defeaf\" data-element_type=\"widget\" data-e-type=\"widget\" data-widget_type=\"heading.default\">\n\t\t\t\t\t<h1 class=\"elementor-heading-title elementor-size-default\">\u00dcretim Ekipmanlar\u0131<\/h1>\t\t\t\t<\/div>\n\t\t\t\t<div class=\"elementor-element elementor-element-4dcb5e8 elementor-widget elementor-widget-text-editor\" data-id=\"4dcb5e8\" data-element_type=\"widget\" data-e-type=\"widget\" data-widget_type=\"text-editor.default\">\n\t\t\t\t\t\t\t\t\t<p>Yeni y\u00fckseltilmi\u015f ve geli\u015ftirilmi\u015f \u00fcretim ekipmanlar\u0131m\u0131z var, her ekipman s\u0131k\u0131 kalite denetiminden ge\u00e7ti ve m\u00fckemmel perdeler \u00fcretmeye \u00e7al\u0131\u015f\u0131yoruz. \u00dcretim ekipmanlar\u0131m\u0131zda Bile\u015fen Kesme Testeresi, Louver \u00e7entik makinesi, \u00c7ivi z\u0131mba makinesi, Fare deli\u011fi makinesi, M\u0131knat\u0131s deli\u011fi makinesi, Panel s\u0131kma makinesi, A\u00e7\u0131 \u00e7er\u00e7eve makinesi, Huffman Anahtar Delikleri i\u00e7in makine, Ray \u015fekilli makine, Stile deli\u011fi makinesi gibi \u00fcr\u00fcnler bulunmaktad\u0131r. Bunlar aras\u0131nda, ektangular Tenoner ve Oscillation Mortiser birbirleriyle i\u015f birli\u011fi yapan iki makinedir; dikd\u00f6rtgen tenoner raylar\u0131 \u015fekillendirir ve Sal\u0131n\u0131m Mortiser stilleri \u015fahin yap\u0131s\u0131na d\u00f6n\u00fc\u015ft\u00fcr\u00fcr; b\u00f6ylece ray kabile\u011fe s\u0131k\u0131ca oturabilir ve birlikte monte edilebilir. \u00dcretim ekipmanlar\u0131 ve deneyimli operat\u00f6rler, \u00fcr\u00fcn kalitesini iki kat garanti eder. <\/p>\n\t\t\t\t\t\t\t\t<\/div>\n\t\t\t\t<div class=\"elementor-element elementor-element-c35df28 elementor-widget elementor-widget-image\" data-id=\"c35df28\" data-element_type=\"widget\" data-e-type=\"widget\" data-widget_type=\"image.default\">\n\t\t\t\t\t\t\t\t\t\t\t\t\t\t\t<img loading=\"lazy\" decoding=\"async\" width=\"1200\" height=\"209\" src=\"https:\/\/www.plasticfoodbags.com\/wp-content\/uploads\/2025\/08\/20220902111643b88384ee0b48455783a8ec4213cbc5b9.jpg\" class=\"attachment-full size-full wp-image-28194\" alt=\"\" srcset=\"https:\/\/www.plasticfoodbags.com\/wp-content\/uploads\/2025\/08\/20220902111643b88384ee0b48455783a8ec4213cbc5b9.jpg 1200w, https:\/\/www.plasticfoodbags.com\/wp-content\/uploads\/2025\/08\/20220902111643b88384ee0b48455783a8ec4213cbc5b9-300x52.jpg 300w, https:\/\/www.plasticfoodbags.com\/wp-content\/uploads\/2025\/08\/20220902111643b88384ee0b48455783a8ec4213cbc5b9-1024x178.jpg 1024w, https:\/\/www.plasticfoodbags.com\/wp-content\/uploads\/2025\/08\/20220902111643b88384ee0b48455783a8ec4213cbc5b9-768x134.jpg 768w, https:\/\/www.plasticfoodbags.com\/wp-content\/uploads\/2025\/08\/20220902111643b88384ee0b48455783a8ec4213cbc5b9-600x105.jpg 600w\" sizes=\"(max-width: 1200px) 100vw, 1200px\" \/>\t\t\t\t\t\t\t\t\t\t\t\t\t\t\t<\/div>\n\t\t\t\t<div class=\"elementor-element elementor-element-07f50ce elementor-widget elementor-widget-heading\" data-id=\"07f50ce\" data-element_type=\"widget\" data-e-type=\"widget\" data-widget_type=\"heading.default\">\n\t\t\t\t\t<h1 class=\"elementor-heading-title elementor-size-default\">\u00dcretim Pazar\u0131<\/h1>\t\t\t\t<\/div>\n\t\t\t\t<div class=\"elementor-element elementor-element-468dc6f elementor-widget elementor-widget-text-editor\" data-id=\"468dc6f\" data-element_type=\"widget\" data-e-type=\"widget\" data-widget_type=\"text-editor.default\">\n\t\t\t\t\t\t\t\t\t<p>\u00dcr\u00fcnlerimiz sadece \u00c7in pazar\u0131nda \u00f6nc\u00fcl\u00fck etmekle kalm\u0131yor, ayn\u0131 zamanda d\u00fcnyan\u0131n d\u00f6rt bir yan\u0131nda m\u00fc\u015fterileri de var. \u00d6zellikle ABD, Rusya, Birle\u015fik Krall\u0131k, Danimarka, Fransa, Avustralya, G\u00fcney Amerika ve Orta Do\u011fu. \u015eirketimizin Kuzey Amerika&#8217;da bir\u00e7ok ba\u015far\u0131l\u0131 i\u015f birli\u011fi vakas\u0131 var ve kalite ile etki m\u00fc\u015fteriler taraf\u0131ndan iyi kar\u015f\u0131lanmaktad\u0131r. \u015eirketin genel \u00f6vg\u00fc oran\u0131 %95&#8217;in \u00fczerinde. Profesyonel hizmet ve rekabet\u00e7i fiyat, \u015firketimizin benimsedi\u011fi i\u015f felsefesidir. <\/p>\n\t\t\t\t\t\t\t\t<\/div>\n\t\t\t\t<div class=\"elementor-element elementor-element-ad5e046 elementor-widget elementor-widget-image\" data-id=\"ad5e046\" data-element_type=\"widget\" data-e-type=\"widget\" data-widget_type=\"image.default\">\n\t\t\t\t\t\t\t\t\t\t\t\t\t\t\t<img loading=\"lazy\" decoding=\"async\" width=\"750\" height=\"550\" src=\"https:\/\/www.plasticfoodbags.com\/wp-content\/uploads\/2025\/08\/202209021118588fd12354cd5f4480add3d3c87040ec96.jpg\" class=\"attachment-full size-full wp-image-28208\" alt=\"\" srcset=\"https:\/\/www.plasticfoodbags.com\/wp-content\/uploads\/2025\/08\/202209021118588fd12354cd5f4480add3d3c87040ec96.jpg 750w, https:\/\/www.plasticfoodbags.com\/wp-content\/uploads\/2025\/08\/202209021118588fd12354cd5f4480add3d3c87040ec96-300x220.jpg 300w, https:\/\/www.plasticfoodbags.com\/wp-content\/uploads\/2025\/08\/202209021118588fd12354cd5f4480add3d3c87040ec96-600x440.jpg 600w\" sizes=\"(max-width: 750px) 100vw, 750px\" \/>\t\t\t\t\t\t\t\t\t\t\t\t\t\t\t<\/div>\n\t\t\t\t<div class=\"elementor-element elementor-element-32b502c elementor-widget elementor-widget-heading\" data-id=\"32b502c\" data-element_type=\"widget\" data-e-type=\"widget\" data-widget_type=\"heading.default\">\n\t\t\t\t\t<h1 class=\"elementor-heading-title elementor-size-default\">Hizmetimiz<\/h1>\t\t\t\t<\/div>\n\t\t\t\t<div class=\"elementor-element elementor-element-42719aa elementor-widget elementor-widget-text-editor\" data-id=\"42719aa\" data-element_type=\"widget\" data-e-type=\"widget\" data-widget_type=\"text-editor.default\">\n\t\t\t\t\t\t\t\t\t<p>\u00d6n sat\u0131\u015f: Profesyonelce e\u011fitilmi\u015f m\u00fc\u015fteri hizmetleri ekibimiz, size 24 saat profesyonel dan\u0131\u015fmanl\u0131k sunacak ve 2 saat i\u00e7inde yan\u0131t verecektir. Size profesyonel tavsiye, detayl\u0131 bilgi, makul fiyat teklifi ve benzeri bilgiler verece\u011fiz. Sat\u0131\u015f ekibimiz, ihtiyac\u0131n\u0131z olan \u00fcr\u00fcnlerin i\u015flevlerini, renklerini, detaylar\u0131n\u0131 vb. size tan\u0131tacak ve \u00fcr\u00fcnlerle ilgili bir dizi soruyu yan\u0131tlayacak ki, \u00fcr\u00fcn bilgilerini tam olarak anlayabilesiniz. \u00dcr\u00fcn sat\u0131n al\u0131nd\u0131ktan sonra, \u015firketimiz teslimat s\u00fcresi ve gereksinimleri hakk\u0131nda sizinle ileti\u015fime ge\u00e7er, \u00f6zel bir durum yoksa 7 g\u00fcn i\u00e7inde g\u00f6nderme yapaca\u011f\u0131z. <\/p>\n<p>Sat\u0131\u015fda: Birle\u015fik bir s\u00f6zle\u015fme ve teknik anla\u015fma imzalayaca\u011f\u0131z ve i\u015f birli\u011finin sorunsuz ilerlemesini sa\u011flamak i\u00e7in s\u00f6zle\u015fmenin h\u00fck\u00fcmlerine bilin\u00e7li olarak uyaca\u011f\u0131z. Size kaliteli \u00fcr\u00fcnler sunmaya ve ihtiya\u00e7lar\u0131n\u0131za en uygun kargo y\u00f6ntemini kullanmaya \u00e7al\u0131\u015f\u0131yoruz; b\u00f6ylece \u00fcr\u00fcn\u00fcn m\u00fckemmel durumda olmas\u0131n\u0131 sa\u011fl\u0131yoruz. M\u00fc\u015fteri d\u00fczenlemelerine sayg\u0131 duyuyoruz ve kullan\u0131c\u0131lara d\u00fc\u015f\u00fcnceli teknik destek sa\u011fl\u0131yoruz. S\u00f6zle\u015fmenin h\u00fck\u00fcmlerine uygun olarak size \u00fcretim, kalite denetimi, e\u011fitim ve di\u011fer hizmetleri sunaca\u011f\u0131z. Sipari\u015f b\u00fcy\u00fckl\u00fc\u011f\u00fc ne olursa olsun, t\u00fcm m\u00fc\u015fteriler fiyat ve hizmet a\u00e7\u0131s\u0131ndan adil bir \u015fekilde hizmet vermektedir. <\/p>\n<p>Sat\u0131\u015f Sonras\u0131 \u00c7al\u0131\u015fma: \u00dcr\u00fcn\u00fcn kalitesi konusunda hi\u00e7 endi\u015felenmenize gerek yok. Genellikle \u00fcr\u00fcn garanti s\u00fcremiz yar\u0131m y\u0131ld\u0131r ve \u00fcr\u00fcn\u00fc \u00f6m\u00fcr boyu sizin i\u00e7in koruyaca\u011f\u0131z. Garanti s\u00fcresi boyunca, kalite sorunlar\u0131 nedeniyle olu\u015fan hasar par\u00e7alar\u0131n\u0131 \u00fccretsiz olarak tamir edip de\u011fi\u015ftirece\u011fiz. Kalite sorunlar\u0131 olan bir \u00fcr\u00fcn al\u0131rsan\u0131z, de\u011fi\u015ftirme veya iade etmeyi destekliyoruz. Her zaman &#8220;y\u00fcksek kalite pe\u015finde, m\u00fc\u015fteri memnuniyeti hedefimizdir&#8221; politikas\u0131na ba\u011fl\u0131y\u0131z. <\/p>\n\t\t\t\t\t\t\t\t<\/div>\n\t\t\t\t<div class=\"elementor-element elementor-element-b4e3b3c elementor-widget elementor-widget-image\" data-id=\"b4e3b3c\" data-element_type=\"widget\" data-e-type=\"widget\" data-widget_type=\"image.default\">\n\t\t\t\t\t\t\t\t\t\t\t\t\t\t\t<img loading=\"lazy\" decoding=\"async\" width=\"1214\" height=\"592\" src=\"https:\/\/www.plasticfoodbags.com\/wp-content\/uploads\/2025\/08\/202209021119525915049196354f91aae49b550dca2fe5.jpg\" class=\"attachment-full size-full wp-image-28222\" alt=\"\" srcset=\"https:\/\/www.plasticfoodbags.com\/wp-content\/uploads\/2025\/08\/202209021119525915049196354f91aae49b550dca2fe5.jpg 1214w, https:\/\/www.plasticfoodbags.com\/wp-content\/uploads\/2025\/08\/202209021119525915049196354f91aae49b550dca2fe5-300x146.jpg 300w, https:\/\/www.plasticfoodbags.com\/wp-content\/uploads\/2025\/08\/202209021119525915049196354f91aae49b550dca2fe5-1024x499.jpg 1024w, https:\/\/www.plasticfoodbags.com\/wp-content\/uploads\/2025\/08\/202209021119525915049196354f91aae49b550dca2fe5-768x375.jpg 768w, https:\/\/www.plasticfoodbags.com\/wp-content\/uploads\/2025\/08\/202209021119525915049196354f91aae49b550dca2fe5-600x293.jpg 600w\" sizes=\"(max-width: 1214px) 100vw, 1214px\" \/>\t\t\t\t\t\t\t\t\t\t\t\t\t\t\t<\/div>\n\t\t\t\t<\/div>\n\t\t\t\t<\/div>\n\t\t","protected":false},"excerpt":{"rendered":"<p>Tarihimiz \u015eirketimiz, \u00c7in&#8217;in Shandong Eyaleti, Qingdao&#8217;da kurulmu\u015ftur ve \u00f6zellikle roller blindler, zebra panjurlar\u0131, dikey perdeler, petek panjurlar\u0131, venedik panjurlar\u0131 gibi panjur serisi \u00fcr\u00fcnlerin \u00fcretiminde uzmanla\u015fm\u0131\u015ft\u0131r. \u015eirketimizin on yedi y\u0131ll\u0131k bir ge\u00e7mi\u015fi vard\u0131r ve tasar\u0131m, \u00fcretim, sat\u0131\u015f, kalite denetimi, sat\u0131\u015f sonras\u0131 ve di\u011fer hizmetlerde zengin deneyime sahiptir. ODM ve OEM kabul ediyoruz. Tasar\u0131m ihtiya\u00e7lar\u0131n\u0131z varsa, profesyonel [&hellip;]<\/p>\n","protected":false},"author":1,"featured_media":0,"parent":0,"menu_order":0,"comment_status":"closed","ping_status":"closed","template":"","meta":{"footnotes":""},"class_list":["post-38348","page","type-page","status-publish","hentry"],"_links":{"self":[{"href":"https:\/\/www.plasticfoodbags.com\/tr\/wp-json\/wp\/v2\/pages\/38348","targetHints":{"allow":["GET"]}}],"collection":[{"href":"https:\/\/www.plasticfoodbags.com\/tr\/wp-json\/wp\/v2\/pages"}],"about":[{"href":"https:\/\/www.plasticfoodbags.com\/tr\/wp-json\/wp\/v2\/types\/page"}],"author":[{"embeddable":true,"href":"https:\/\/www.plasticfoodbags.com\/tr\/wp-json\/wp\/v2\/users\/1"}],"replies":[{"embeddable":true,"href":"https:\/\/www.plasticfoodbags.com\/tr\/wp-json\/wp\/v2\/comments?post=38348"}],"version-history":[{"count":0,"href":"https:\/\/www.plasticfoodbags.com\/tr\/wp-json\/wp\/v2\/pages\/38348\/revisions"}],"wp:attachment":[{"href":"https:\/\/www.plasticfoodbags.com\/tr\/wp-json\/wp\/v2\/media?parent=38348"}],"curies":[{"name":"wp","href":"https:\/\/api.w.org\/{rel}","templated":true}]}}